{"id":1032,"date":"2025-12-07T00:19:26","date_gmt":"2025-12-06T17:19:26","guid":{"rendered":"https:\/\/luatnhontra.com\/?post_type=product&#038;p=1032"},"modified":"2025-12-07T00:19:26","modified_gmt":"2025-12-06T17:19:26","slug":"giay-phep","status":"publish","type":"product","link":"https:\/\/luatnhontra.com\/en\/product\/giay-phep\/","title":{"rendered":"Gi\u1ea5y ph\u00e9p"},"content":{"rendered":"","protected":false},"excerpt":{"rendered":"<p>Vi\u1ec7c xin c\u1ea5p c\u00e1c gi\u1ea5y ph\u00e9p l\u00e0 m\u1ed9t b\u01b0\u1edbc quan tr\u1ecdng trong qu\u00e1 tr\u00ecnh ho\u1ea1t \u0111\u1ed9ng c\u1ee7a doanh nghi\u1ec7p, \u0111\u1eb7c bi\u1ec7t l\u00e0 khi m\u1edf r\u1ed9ng kinh doanh, kh\u1edfi s\u1ef1 doanh nghi\u1ec7p m\u1edbi ho\u1eb7c tri\u1ec3n khai c\u00e1c d\u1ef1 \u00e1n \u0111\u1ea7u t\u01b0. Qu\u00e1 tr\u00ecnh n\u00e0y kh\u00f4ng ch\u1ec9 \u0111\u00f2i h\u1ecfi s\u1ef1 ch\u00ednh x\u00e1c v\u1ec1 th\u1ee7 t\u1ee5c h\u00e0nh ch\u00ednh m\u00e0 c\u00f2n ph\u1ea3i tu\u00e2n th\u1ee7 nghi\u00eam ng\u1eb7t c\u00e1c quy \u0111\u1ecbnh ph\u00e1p lu\u1eadt. Vi\u1ec7c kh\u00f4ng tu\u00e2n th\u1ee7 c\u00f3 th\u1ec3 d\u1eabn \u0111\u1ebfn c\u00e1c h\u1eadu qu\u1ea3 ph\u00e1p l\u00fd nghi\u00eam tr\u1ecdng, t\u1eeb vi\u1ec7c b\u1ecb t\u1eeb ch\u1ed1i c\u1ea5p ph\u00e9p \u0111\u1ebfn c\u00e1c h\u00ecnh ph\u1ea1t n\u1ebfu vi ph\u1ea1m ph\u00e1p lu\u1eadt.<br \/>\n<b>M\u1ee5c Ti\u00eau<\/b><\/p>\n<p>\u0110\u1ea3m b\u1ea3o c\u00e1c gi\u1ea5y ph\u00e9p c\u1ea7n thi\u1ebft \u0111\u01b0\u1ee3c c\u1ea5p m\u1ed9t c\u00e1ch h\u1ee3p ph\u00e1p v\u00e0 nhanh ch\u00f3ng, t\u1eeb \u0111\u00f3 gi\u00fap doanh nghi\u1ec7p ho\u1ea1t \u0111\u1ed9ng hi\u1ec7u qu\u1ea3 v\u00e0 tu\u00e2n th\u1ee7 \u0111\u1ea7y \u0111\u1ee7 c\u00e1c quy \u0111\u1ecbnh c\u1ee7a ph\u00e1p lu\u1eadt. Vi\u1ec7c n\u00e0y c\u0169ng gi\u00fap tr\u00e1nh c\u00e1c r\u1ee7i ro ph\u00e1p l\u00fd ti\u1ec1m \u1ea9n, b\u1ea3o v\u1ec7 quy\u1ec1n l\u1ee3i v\u00e0 uy t\u00edn c\u1ee7a doanh nghi\u1ec7p.<\/p>\n<p><b>C\u00e1c D\u1ecbch V\u1ee5 Ph\u00e1p L\u00fd<\/b><\/p>\n<p>T\u01b0 V\u1ea5n Y\u00eau C\u1ea7u Ph\u00e1p L\u00fd: Cung c\u1ea5p t\u01b0 v\u1ea5n v\u1ec1 c\u00e1c y\u00eau c\u1ea7u ph\u00e1p l\u00fd c\u1ea7n thi\u1ebft \u0111\u1ec3 xin c\u00e1c lo\u1ea1i gi\u1ea5y ph\u00e9p li\u00ean quan \u0111\u1ebfn ho\u1ea1t \u0111\u1ed9ng kinh doanh c\u1ee7a doanh nghi\u1ec7p.<br \/>\n\u2013 So\u1ea1n Th\u1ea3o H\u1ed3 S\u01a1: Chu\u1ea9n b\u1ecb v\u00e0 so\u1ea1n th\u1ea3o h\u1ed3 s\u01a1 xin c\u1ea5p gi\u1ea5y ph\u00e9p theo \u0111\u00fang quy \u0111\u1ecbnh c\u1ee7a ph\u00e1p lu\u1eadt.<br \/>\n\u2013 \u0110\u1ea1i Di\u1ec7n N\u1ed9p H\u1ed3 S\u01a1: Thay m\u1eb7t doanh nghi\u1ec7p th\u1ef1c hi\u1ec7n c\u00e1c th\u1ee7 t\u1ee5c n\u1ed9p h\u1ed3 s\u01a1 xin c\u1ea5p ph\u00e9p t\u1ea1i c\u00e1c c\u01a1 quan nh\u00e0 n\u01b0\u1edbc.<br \/>\n\u2013 Theo D\u00f5i V\u00e0 X\u1eed L\u00fd Th\u1ee7 T\u1ee5c: Theo d\u00f5i qu\u00e1 tr\u00ecnh x\u1eed l\u00fd h\u1ed3 s\u01a1 t\u1ea1i c\u00e1c c\u01a1 quan nh\u00e0 n\u01b0\u1edbc v\u00e0 gi\u1ea3i quy\u1ebft c\u00e1c v\u1ea5n \u0111\u1ec1 ph\u00e1t sinh n\u1ebfu c\u00f3.<br \/>\n\u2013 T\u01b0 V\u1ea5n Sau C\u1ea5p Ph\u00e9p: H\u1ed7 tr\u1ee3 doanh nghi\u1ec7p tu\u00e2n th\u1ee7 c\u00e1c ngh\u0129a v\u1ee5 ph\u00e1p l\u00fd sau khi \u0111\u01b0\u1ee3c c\u1ea5p ph\u00e9p, \u0111\u1ea3m b\u1ea3o gi\u1ea5y ph\u00e9p \u0111\u01b0\u1ee3c s\u1eed d\u1ee5ng \u0111\u00fang m\u1ee5c \u0111\u00edch v\u00e0 th\u1eddi h\u1ea1n.<\/p>\n<p>M\u1ed9t S\u1ed1 Gi\u1ea5y Ph\u00e9p Ph\u1ed5 Bi\u1ebfn:<br \/>\n-Gi\u1ea5y ch\u1ee9ng nh\u1eadn \u0111\u0103ng k\u00fd doanh nghi\u1ec7p;<br \/>\n-Gi\u1ea5y ph\u00e9p \u0111\u1ea7u t\u01b0;<br \/>\n-Gi\u1ea5y ph\u00e9p x\u00e2y d\u1ef1ng;<br \/>\n-Gi\u1ea5y ph\u00e9p kinh doanh ng\u00e0nh ngh\u1ec1 c\u00f3 \u0111i\u1ec1u ki\u1ec7n;<br \/>\n-Gi\u1ea5y ph\u00e9p ph\u00f2ng ch\u00e1y ch\u1eefa ch\u00e1y;<br \/>\n-Gi\u1ea5y ph\u00e9p m\u00f4i tr\u01b0\u1eddng;<br \/>\n-Gi\u1ea5y ch\u1ee9ng nh\u1eadn \u0111\u0103ng k\u00fd nh\u00e3n hi\u1ec7u;<br \/>\n-Gi\u1ea5y ph\u00e9p nh\u1eadp kh\u1ea9u v\u00e0 xu\u1ea5t kh\u1ea9u.<\/p>\n<p>Vi\u1ec7c ch\u00fa tr\u1ecdng \u0111\u1ebfn c\u00e1c y\u1ebfu t\u1ed1 ph\u00e1p l\u00fd trong qu\u00e1 tr\u00ecnh xin c\u1ea5p c\u00e1c gi\u1ea5y ph\u00e9p kh\u00f4ng ch\u1ec9 gi\u00fap doanh nghi\u1ec7p ho\u00e0n th\u00e0nh c\u00e1c th\u1ee7 t\u1ee5c h\u00e0nh ch\u00ednh m\u1ed9t c\u00e1ch su\u00f4n s\u1ebb m\u00e0 c\u00f2n \u0111\u1ea3m b\u1ea3o r\u1eb1ng doanh nghi\u1ec7p ho\u1ea1t \u0111\u1ed9ng \u0111\u00fang lu\u1eadt, tr\u00e1nh \u0111\u01b0\u1ee3c c\u00e1c r\u1ee7i ro ph\u00e1p l\u00fd v\u00e0 t\u1ed1i \u01b0u h\u00f3a th\u1eddi gian v\u00e0 chi ph\u00ed trong qu\u00e1 tr\u00ecnh ph\u00e1t tri\u1ec3n kinh doanh.<\/p>\n<p>NH\u01a0N TR\u00c0 lu\u00f4n \u0111\u1ed3ng h\u00e0nh c\u00f9ng Qu\u00fd kh\u00e1ch h\u00e0ng trong m\u1ecdi kh\u00eda c\u1ea1nh ph\u00e1p l\u00fd. H\u00e3y li\u00ean h\u1ec7 tr\u1ef1c ti\u1ebfp ho\u1eb7c g\u1eedi email cho ch\u00fang t\u00f4i ngay khi c\u1ea7n h\u1ed7 tr\u1ee3.<\/p>","protected":false},"featured_media":1033,"template":"","meta":[],"product_brand":[],"product_cat":[42],"product_tag":[],"class_list":{"0":"post-1032","1":"product","2":"type-product","3":"status-publish","4":"has-post-thumbnail","6":"product_cat-phap-ly","8":"first","9":"instock","10":"shipping-taxable","11":"product-type-simple"},"_links":{"self":[{"href":"https:\/\/luatnhontra.com\/en\/wp-json\/wp\/v2\/product\/1032","targetHints":{"allow":["GET"]}}],"collection":[{"href":"https:\/\/luatnhontra.com\/en\/wp-json\/wp\/v2\/product"}],"about":[{"href":"https:\/\/luatnhontra.com\/en\/wp-json\/wp\/v2\/types\/product"}],"wp:featuredmedia":[{"embeddable":true,"href":"https:\/\/luatnhontra.com\/en\/wp-json\/wp\/v2\/media\/1033"}],"wp:attachment":[{"href":"https:\/\/luatnhontra.com\/en\/wp-json\/wp\/v2\/media?parent=1032"}],"wp:term":[{"taxonomy":"product_brand","embeddable":true,"href":"https:\/\/luatnhontra.com\/en\/wp-json\/wp\/v2\/product_brand?post=1032"},{"taxonomy":"product_cat","embeddable":true,"href":"https:\/\/luatnhontra.com\/en\/wp-json\/wp\/v2\/product_cat?post=1032"},{"taxonomy":"product_tag","embeddable":true,"href":"https:\/\/luatnhontra.com\/en\/wp-json\/wp\/v2\/product_tag?post=1032"}],"curies":[{"name":"wp","href":"https:\/\/api.w.org\/{rel}","templated":true}]}}