{"id":1221,"date":"2026-04-10T23:30:35","date_gmt":"2026-04-10T16:30:35","guid":{"rendered":"https:\/\/luatnhontra.com\/?page_id=1221"},"modified":"2026-04-10T23:54:53","modified_gmt":"2026-04-10T16:54:53","slug":"thanh-lap-giai-the-doanh-nghiep","status":"publish","type":"page","link":"https:\/\/luatnhontra.com\/en\/thanh-lap-giai-the-doanh-nghiep\/","title":{"rendered":"Th\u00e0nh l\u1eadp, gi\u1ea3i th\u1ec3 doanh nghi\u1ec7p"},"content":{"rendered":"<h2 data-section-id=\"1ykyekq\" data-start=\"207\" data-end=\"242\">TH\u00c0NH L\u1eacP, GI\u1ea2I TH\u1ec2 DOANH NGHI\u1ec6P<\/h2>\n<p>\u00a0<\/p>\n<p data-start=\"244\" data-end=\"616\">Vi\u1ec7c th\u00e0nh l\u1eadp ho\u1eb7c gi\u1ea3i th\u1ec3 doanh nghi\u1ec7p l\u00e0 nh\u1eefng th\u1ee7 t\u1ee5c ph\u00e1p l\u00fd quan tr\u1ecdng, \u0111\u00f2i h\u1ecfi th\u1ef1c hi\u1ec7n \u0111\u00fang quy \u0111\u1ecbnh \u0111\u1ec3 tr\u00e1nh ph\u00e1t sinh r\u1ee7i ro ph\u00e1p l\u00fd v\u00e0 chi ph\u00ed kh\u00f4ng c\u1ea7n thi\u1ebft. V\u1edbi kinh nghi\u1ec7m h\u1ed7 tr\u1ee3 nhi\u1ec1u h\u1ed3 s\u01a1 doanh nghi\u1ec7p, <strong data-start=\"466\" data-end=\"491\">C\u00f4ng ty Lu\u1eadt Nh\u01a1n Tr\u00e0<\/strong> cung c\u1ea5p d\u1ecbch v\u1ee5 t\u01b0 v\u1ea5n v\u00e0 th\u1ef1c hi\u1ec7n th\u1ee7 t\u1ee5c nhanh ch\u00f3ng, \u0111\u00fang quy \u0111\u1ecbnh, gi\u00fap kh\u00e1ch h\u00e0ng ti\u1ebft ki\u1ec7m th\u1eddi gian v\u00e0 c\u00f4ng s\u1ee9c. \u2696\ufe0f<\/p>\n<hr data-start=\"618\" data-end=\"621\" \/>\n<h2 data-section-id=\"rl9k3u\" data-start=\"623\" data-end=\"656\">D\u1ecbch v\u1ee5 th\u00e0nh l\u1eadp doanh nghi\u1ec7p<\/h2>\n<p data-start=\"658\" data-end=\"745\">Ch\u00fang t\u00f4i h\u1ed7 tr\u1ee3 kh\u00e1ch h\u00e0ng th\u1ef1c hi\u1ec7n th\u1ee7 t\u1ee5c th\u00e0nh l\u1eadp doanh nghi\u1ec7p tr\u1ecdn g\u00f3i, bao g\u1ed3m:<\/p>\n<h3 data-section-id=\"15cd7u8\" data-start=\"747\" data-end=\"777\">T\u01b0 v\u1ea5n tr\u01b0\u1edbc khi th\u00e0nh l\u1eadp<\/h3>\n<ul data-start=\"779\" data-end=\"964\">\n<li data-section-id=\"1cap8bg\" data-start=\"779\" data-end=\"820\">L\u1ef1a ch\u1ecdn lo\u1ea1i h\u00ecnh doanh nghi\u1ec7p ph\u00f9 h\u1ee3p<\/li>\n<li data-section-id=\"5i7d43\" data-start=\"821\" data-end=\"864\">T\u01b0 v\u1ea5n \u0111\u1eb7t t\u00ean doanh nghi\u1ec7p \u0111\u00fang quy \u0111\u1ecbnh<\/li>\n<li data-section-id=\"t2md7\" data-start=\"865\" data-end=\"903\">T\u01b0 v\u1ea5n ng\u00e0nh ngh\u1ec1 \u0111\u0103ng k\u00fd kinh doanh<\/li>\n<li data-section-id=\"1owwb1h\" data-start=\"904\" data-end=\"932\">T\u01b0 v\u1ea5n v\u1ed1n \u0111i\u1ec1u l\u1ec7 ph\u00f9 h\u1ee3p<\/li>\n<li data-section-id=\"uvtehk\" data-start=\"933\" data-end=\"964\">T\u01b0 v\u1ea5n c\u01a1 c\u1ea5u t\u1ed5 ch\u1ee9c qu\u1ea3n l\u00fd<\/li>\n<\/ul>\n<h3 data-section-id=\"cqx5he\" data-start=\"966\" data-end=\"1001\">So\u1ea1n h\u1ed3 s\u01a1 \u0111\u0103ng k\u00fd doanh nghi\u1ec7p<\/h3>\n<p data-start=\"1003\" data-end=\"1024\">Lu\u1eadt Nh\u01a1n Tr\u00e0 h\u1ed7 tr\u1ee3:<\/p>\n<ul data-start=\"1026\" data-end=\"1187\">\n<li data-section-id=\"15ns15j\" data-start=\"1026\" data-end=\"1074\">So\u1ea1n th\u1ea3o h\u1ed3 s\u01a1 \u0111\u0103ng k\u00fd th\u00e0nh l\u1eadp doanh nghi\u1ec7p<\/li>\n<li data-section-id=\"4k9uz3\" data-start=\"1075\" data-end=\"1097\">So\u1ea1n \u0111i\u1ec1u l\u1ec7 c\u00f4ng ty<\/li>\n<li data-section-id=\"1q37sc5\" data-start=\"1098\" data-end=\"1135\">So\u1ea1n danh s\u00e1ch th\u00e0nh vi\u00ean \/ c\u1ed5 \u0111\u00f4ng<\/li>\n<li data-section-id=\"13fahsa\" data-start=\"1136\" data-end=\"1187\">\u0110\u1ea1i di\u1ec7n n\u1ed9p h\u1ed3 s\u01a1 t\u1ea1i c\u01a1 quan \u0111\u0103ng k\u00fd kinh doanh<\/li>\n<\/ul>\n<h3 data-section-id=\"re5ore\" data-start=\"1189\" data-end=\"1217\">H\u1ed7 tr\u1ee3 sau khi th\u00e0nh l\u1eadp<\/h3>\n<p data-start=\"1219\" data-end=\"1245\">Ch\u00fang t\u00f4i ti\u1ebfp t\u1ee5c h\u1ed7 tr\u1ee3:<\/p>\n<ul data-start=\"1247\" data-end=\"1401\">\n<li data-section-id=\"13bvo2l\" data-start=\"1247\" data-end=\"1286\">C\u00f4ng b\u1ed1 n\u1ed9i dung \u0111\u0103ng k\u00fd doanh nghi\u1ec7p<\/li>\n<li data-section-id=\"1nqdqio\" data-start=\"1287\" data-end=\"1310\">Kh\u1eafc d\u1ea5u doanh nghi\u1ec7p<\/li>\n<li data-section-id=\"1tpn92q\" data-start=\"1311\" data-end=\"1343\">H\u01b0\u1edbng d\u1eabn th\u1ee7 t\u1ee5c thu\u1ebf ban \u0111\u1ea7u<\/li>\n<li data-section-id=\"f66xci\" data-start=\"1344\" data-end=\"1401\">T\u01b0 v\u1ea5n c\u00e1c ngh\u0129a v\u1ee5 ph\u00e1p l\u00fd c\u1ea7n th\u1ef1c hi\u1ec7n sau th\u00e0nh l\u1eadp<\/li>\n<\/ul>\n<hr data-start=\"1403\" data-end=\"1406\" \/>\n<h2 data-section-id=\"x9c1ex\" data-start=\"1408\" data-end=\"1452\">C\u00e1c lo\u1ea1i h\u00ecnh doanh nghi\u1ec7p h\u1ed7 tr\u1ee3 \u0111\u0103ng k\u00fd<\/h2>\n<p data-start=\"1454\" data-end=\"1483\">Lu\u1eadt Nh\u01a1n Tr\u00e0 h\u1ed7 tr\u1ee3 \u0111\u0103ng k\u00fd:<\/p>\n<ul data-start=\"1485\" data-end=\"1612\">\n<li data-section-id=\"cmjcjk\" data-start=\"1485\" data-end=\"1514\">C\u00f4ng ty TNHH m\u1ed9t th\u00e0nh vi\u00ean<\/li>\n<li data-section-id=\"1s29wgh\" data-start=\"1515\" data-end=\"1552\">C\u00f4ng ty TNHH hai th\u00e0nh vi\u00ean tr\u1edf l\u00ean<\/li>\n<li data-section-id=\"egiwqk\" data-start=\"1553\" data-end=\"1570\">C\u00f4ng ty c\u1ed5 ph\u1ea7n<\/li>\n<li data-section-id=\"5s8aut\" data-start=\"1571\" data-end=\"1593\">Doanh nghi\u1ec7p t\u01b0 nh\u00e2n<\/li>\n<li data-section-id=\"gbqtvn\" data-start=\"1594\" data-end=\"1612\">C\u00f4ng ty h\u1ee3p danh<\/li>\n<\/ul>\n<p data-start=\"1614\" data-end=\"1693\">T\u01b0 v\u1ea5n l\u1ef1a ch\u1ecdn lo\u1ea1i h\u00ecnh ph\u00f9 h\u1ee3p v\u1edbi nhu c\u1ea7u ho\u1ea1t \u0111\u1ed9ng th\u1ef1c t\u1ebf c\u1ee7a kh\u00e1ch h\u00e0ng.<\/p>\n<hr data-start=\"1695\" data-end=\"1698\" \/>\n<h2 data-section-id=\"xp4je\" data-start=\"1700\" data-end=\"1732\">D\u1ecbch v\u1ee5 gi\u1ea3i th\u1ec3 doanh nghi\u1ec7p<\/h2>\n<p data-start=\"1734\" data-end=\"1869\">Gi\u1ea3i th\u1ec3 doanh nghi\u1ec7p c\u1ea7n th\u1ef1c hi\u1ec7n theo \u0111\u00fang tr\u00ecnh t\u1ef1 ph\u00e1p lu\u1eadt \u0111\u1ec3 tr\u00e1nh ph\u00e1t sinh ngh\u0129a v\u1ee5 t\u00e0i ch\u00ednh ho\u1eb7c tr\u00e1ch nhi\u1ec7m ph\u00e1p l\u00fd v\u1ec1 sau.<\/p>\n<p data-start=\"1871\" data-end=\"1892\">Lu\u1eadt Nh\u01a1n Tr\u00e0 h\u1ed7 tr\u1ee3:<\/p>\n<h3 data-section-id=\"wbhtgj\" data-start=\"1894\" data-end=\"1923\">T\u01b0 v\u1ea5n \u0111i\u1ec1u ki\u1ec7n gi\u1ea3i th\u1ec3<\/h3>\n<ul data-start=\"1925\" data-end=\"2035\">\n<li data-section-id=\"39lcrj\" data-start=\"1925\" data-end=\"1954\">Ki\u1ec3m tra \u0111i\u1ec1u ki\u1ec7n gi\u1ea3i th\u1ec3<\/li>\n<li data-section-id=\"17gfr25\" data-start=\"1955\" data-end=\"1998\">T\u01b0 v\u1ea5n ph\u01b0\u01a1ng \u00e1n x\u1eed l\u00fd ngh\u0129a v\u1ee5 t\u00e0i ch\u00ednh<\/li>\n<li data-section-id=\"1fjk96f\" data-start=\"1999\" data-end=\"2035\">T\u01b0 v\u1ea5n x\u1eed l\u00fd h\u1ee3p \u0111\u1ed3ng c\u00f2n hi\u1ec7u l\u1ef1c<\/li>\n<\/ul>\n<h3 data-section-id=\"kp8twy\" data-start=\"2037\" data-end=\"2067\">Th\u1ef1c hi\u1ec7n th\u1ee7 t\u1ee5c gi\u1ea3i th\u1ec3<\/h3>\n<p data-start=\"2069\" data-end=\"2086\">Ch\u00fang t\u00f4i h\u1ed7 tr\u1ee3:<\/p>\n<ul data-start=\"2088\" data-end=\"2250\">\n<li data-section-id=\"1o53e56\" data-start=\"2088\" data-end=\"2122\">So\u1ea1n h\u1ed3 s\u01a1 gi\u1ea3i th\u1ec3 doanh nghi\u1ec7p<\/li>\n<li data-section-id=\"bquypy\" data-start=\"2123\" data-end=\"2173\">\u0110\u1ea1i di\u1ec7n l\u00e0m vi\u1ec7c v\u1edbi c\u01a1 quan \u0111\u0103ng k\u00fd kinh doanh<\/li>\n<li data-section-id=\"l45u5c\" data-start=\"2174\" data-end=\"2207\">H\u1ed7 tr\u1ee3 th\u1ee7 t\u1ee5c v\u1edbi c\u01a1 quan thu\u1ebf<\/li>\n<li data-section-id=\"9yljov\" data-start=\"2208\" data-end=\"2250\">Th\u1ef1c hi\u1ec7n c\u00f4ng b\u1ed1 gi\u1ea3i th\u1ec3 theo quy \u0111\u1ecbnh<\/li>\n<\/ul>\n<hr data-start=\"2252\" data-end=\"2255\" \/>\n<h2 data-section-id=\"36wthy\" data-start=\"2257\" data-end=\"2305\">Quy tr\u00ecnh th\u1ef1c hi\u1ec7n d\u1ecbch v\u1ee5 t\u1ea1i Lu\u1eadt Nh\u01a1n Tr\u00e0<\/h2>\n<p data-start=\"2307\" data-end=\"2330\">Quy tr\u00ecnh l\u00e0m vi\u1ec7c g\u1ed3m:<\/p>\n<p data-start=\"2332\" data-end=\"2516\">1\ufe0f\u20e3 Ti\u1ebfp nh\u1eadn th\u00f4ng tin kh\u00e1ch h\u00e0ng<br data-start=\"2366\" data-end=\"2369\" \/>2\ufe0f\u20e3 T\u01b0 v\u1ea5n ph\u01b0\u01a1ng \u00e1n ph\u00f9 h\u1ee3p<br data-start=\"2397\" data-end=\"2400\" \/>3\ufe0f\u20e3 So\u1ea1n th\u1ea3o h\u1ed3 s\u01a1 ph\u00e1p l\u00fd<br data-start=\"2427\" data-end=\"2430\" \/>4\ufe0f\u20e3 \u0110\u1ea1i di\u1ec7n n\u1ed9p h\u1ed3 s\u01a1 t\u1ea1i c\u01a1 quan c\u00f3 th\u1ea9m quy\u1ec1n<br data-start=\"2478\" data-end=\"2481\" \/>5\ufe0f\u20e3 B\u00e0n giao k\u1ebft qu\u1ea3 cho kh\u00e1ch h\u00e0ng<\/p>\n<hr data-start=\"2518\" data-end=\"2521\" \/>\n<h2 data-section-id=\"9xzzr1\" data-start=\"2523\" data-end=\"2571\">L\u1ee3i \u00edch khi s\u1eed d\u1ee5ng d\u1ecbch v\u1ee5 t\u1ea1i Lu\u1eadt Nh\u01a1n Tr\u00e0<\/h2>\n<p data-start=\"2573\" data-end=\"2589\">Kh\u00e1ch h\u00e0ng \u0111\u01b0\u1ee3c:<\/p>\n<ul data-start=\"2591\" data-end=\"2774\">\n<li data-section-id=\"d5hb7s\" data-start=\"2591\" data-end=\"2636\">T\u01b0 v\u1ea5n \u0111\u00fang quy \u0111\u1ecbnh ph\u00e1p lu\u1eadt doanh nghi\u1ec7p<\/li>\n<li data-section-id=\"1w0hi0l\" data-start=\"2637\" data-end=\"2662\">H\u1ed3 s\u01a1 chu\u1ea9n ngay t\u1eeb \u0111\u1ea7u<\/li>\n<li data-section-id=\"f8k517\" data-start=\"2663\" data-end=\"2698\">H\u1ea1n ch\u1ebf ph\u00e1t sinh th\u1ee7 t\u1ee5c b\u1ed5 sung<\/li>\n<li data-section-id=\"1agh38w\" data-start=\"2699\" data-end=\"2738\">Ti\u1ebft ki\u1ec7m th\u1eddi gian th\u1ef1c hi\u1ec7n th\u1ee7 t\u1ee5c<\/li>\n<li data-section-id=\"hejfrw\" data-start=\"2739\" data-end=\"2774\">B\u1ea3o m\u1eadt th\u00f4ng tin doanh nghi\u1ec7p \ud83d\udd12<\/li>\n<\/ul>\n<hr data-start=\"2776\" data-end=\"2779\" \/>\n<h2 data-section-id=\"p0twna\" data-start=\"2781\" data-end=\"2836\">Khi n\u00e0o n\u00ean s\u1eed d\u1ee5ng d\u1ecbch v\u1ee5 ph\u00e1p l\u00fd v\u1ec1 doanh nghi\u1ec7p?<\/h2>\n<p data-start=\"2838\" data-end=\"2866\">B\u1ea1n n\u00ean s\u1eed d\u1ee5ng d\u1ecbch v\u1ee5 khi:<\/p>\n<ul data-start=\"2868\" data-end=\"3034\">\n<li data-section-id=\"1g0jy00\" data-start=\"2868\" data-end=\"2901\">Chu\u1ea9n b\u1ecb th\u00e0nh l\u1eadp doanh nghi\u1ec7p<\/li>\n<li data-section-id=\"ogdahn\" data-start=\"2902\" data-end=\"2959\">Thay \u0111\u1ed5i \u0111\u1ecbnh h\u01b0\u1edbng kinh doanh c\u1ea7n chuy\u1ec3n \u0111\u1ed5i lo\u1ea1i h\u00ecnh<\/li>\n<li data-section-id=\"1qr7s4b\" data-start=\"2960\" data-end=\"3002\">Doanh nghi\u1ec7p t\u1ea1m ng\u1eebng ho\u1ea1t \u0111\u1ed9ng k\u00e9o d\u00e0i<\/li>\n<li data-section-id=\"k9h6w9\" data-start=\"3003\" data-end=\"3034\">Ch\u1ea5m d\u1ee9t ho\u1ea1t \u0111\u1ed9ng kinh doanh<\/li>\n<\/ul>\n<p data-start=\"3036\" data-end=\"3097\">Vi\u1ec7c th\u1ef1c hi\u1ec7n \u0111\u00fang th\u1ee7 t\u1ee5c gi\u00fap tr\u00e1nh r\u1ee7i ro ph\u00e1p l\u00fd v\u1ec1 sau.<\/p>","protected":false},"excerpt":{"rendered":"<p>TH\u00c0NH L\u1eacP, GI\u1ea2I TH\u1ec2 DOANH NGHI\u1ec6P \u00a0 Vi\u1ec7c th\u00e0nh l\u1eadp ho\u1eb7c gi\u1ea3i th\u1ec3 doanh nghi\u1ec7p l\u00e0 nh\u1eefng th\u1ee7 t\u1ee5c ph\u00e1p l\u00fd quan tr\u1ecdng, \u0111\u00f2i h\u1ecfi th\u1ef1c hi\u1ec7n \u0111\u00fang quy \u0111\u1ecbnh \u0111\u1ec3 tr\u00e1nh ph\u00e1t sinh r\u1ee7i ro ph\u00e1p l\u00fd v\u00e0 chi ph\u00ed kh\u00f4ng c\u1ea7n thi\u1ebft. V\u1edbi kinh nghi\u1ec7m h\u1ed7 tr\u1ee3 nhi\u1ec1u h\u1ed3 s\u01a1 doanh nghi\u1ec7p, C\u00f4ng&#8230;<\/p>","protected":false},"author":2,"featured_media":0,"parent":0,"menu_order":0,"comment_status":"closed","ping_status":"closed","template":"","meta":{"footnotes":""},"class_list":["post-1221","page","type-page","status-publish","hentry"],"_links":{"self":[{"href":"https:\/\/luatnhontra.com\/en\/wp-json\/wp\/v2\/pages\/1221","targetHints":{"allow":["GET"]}}],"collection":[{"href":"https:\/\/luatnhontra.com\/en\/wp-json\/wp\/v2\/pages"}],"about":[{"href":"https:\/\/luatnhontra.com\/en\/wp-json\/wp\/v2\/types\/page"}],"author":[{"embeddable":true,"href":"https:\/\/luatnhontra.com\/en\/wp-json\/wp\/v2\/users\/2"}],"replies":[{"embeddable":true,"href":"https:\/\/luatnhontra.com\/en\/wp-json\/wp\/v2\/comments?post=1221"}],"version-history":[{"count":2,"href":"https:\/\/luatnhontra.com\/en\/wp-json\/wp\/v2\/pages\/1221\/revisions"}],"predecessor-version":[{"id":1236,"href":"https:\/\/luatnhontra.com\/en\/wp-json\/wp\/v2\/pages\/1221\/revisions\/1236"}],"wp:attachment":[{"href":"https:\/\/luatnhontra.com\/en\/wp-json\/wp\/v2\/media?parent=1221"}],"curies":[{"name":"wp","href":"https:\/\/api.w.org\/{rel}","templated":true}]}}