{"id":1220,"date":"2026-04-10T23:30:29","date_gmt":"2026-04-10T16:30:29","guid":{"rendered":"https:\/\/luatnhontra.com\/?page_id=1220"},"modified":"2026-04-10T23:36:35","modified_gmt":"2026-04-10T16:36:35","slug":"luat-su-bao-chua-trong-vu-an-hinh-su","status":"publish","type":"page","link":"https:\/\/luatnhontra.com\/en\/luat-su-bao-chua-trong-vu-an-hinh-su\/","title":{"rendered":"Lu\u1eadt s\u01b0 b\u00e0o ch\u1eefa trong v\u1ee5 \u00e1n h\u00ecnh s\u1ef1"},"content":{"rendered":"<h2 data-section-id=\"10wxnwd\" data-start=\"251\" data-end=\"314\">Lu\u1eadt s\u01b0 b\u00e0o ch\u1eefa trong v\u1ee5 \u00e1n h\u00ecnh s\u1ef1 \u2013 C\u00f4ng ty Lu\u1eadt Nh\u01a1n Tr\u00e0<\/h2>\n<div class=\"no-scrollbar flex min-h-36 flex-nowrap gap-0.5 overflow-auto sm:gap-1 sm:overflow-hidden xl:min-h-44 mt-1 mb-5 [&amp;:not(:first-child)]:mt-4\">\n<div class=\"border-token-border-default relative w-32 shrink-0 overflow-hidden rounded-xl border-[0.5px] md:shrink max-h-64 sm:w-[calc((100%-0.5rem)\/3)] rounded-s-xl\">\n<div class=\"group\/search-image @container\/search-image relative rounded-[inherit] h-full w-full\">\u00a0<\/div>\n<\/div>\n<div class=\"border-token-border-default relative w-32 shrink-0 overflow-hidden rounded-xl border-[0.5px] md:shrink max-h-64 sm:w-[calc((100%-0.5rem)\/3)]\">\n<div class=\"group\/search-image @container\/search-image relative rounded-[inherit] h-full w-full\">\u00a0<\/div>\n<\/div>\n<\/div>\n<p data-start=\"358\" data-end=\"676\">Khi v\u01b0\u1edbng v\u00e0o v\u1ee5 \u00e1n h\u00ecnh s\u1ef1, ng\u01b0\u1eddi b\u1ecb bu\u1ed9c t\u1ed9i v\u00e0 gia \u0111\u00ecnh th\u01b0\u1eddng r\u01a1i v\u00e0o tr\u1ea1ng th\u00e1i lo l\u1eafng, \u00e1p l\u1ef1c v\u00e0 thi\u1ebfu th\u00f4ng tin ph\u00e1p l\u00fd c\u1ea7n thi\u1ebft. Vi\u1ec7c c\u00f3 <strong data-start=\"505\" data-end=\"541\">lu\u1eadt s\u01b0 b\u00e0o ch\u1eefa tham gia t\u1eeb s\u1edbm<\/strong> l\u00e0 y\u1ebfu t\u1ed1 quan tr\u1ecdng gi\u00fap b\u1ea3o v\u1ec7 quy\u1ec1n v\u00e0 l\u1ee3i \u00edch h\u1ee3p ph\u00e1p, h\u1ea1n ch\u1ebf r\u1ee7i ro ph\u00e1p l\u00fd v\u00e0 \u0111\u1ea3m b\u1ea3o qu\u00e1 tr\u00ecnh t\u1ed1 t\u1ee5ng di\u1ec5n ra \u0111\u00fang quy \u0111\u1ecbnh.<\/p>\n<p data-start=\"678\" data-end=\"839\"><strong data-start=\"678\" data-end=\"703\">C\u00f4ng ty Lu\u1eadt Nh\u01a1n Tr\u00e0<\/strong> cung c\u1ea5p d\u1ecbch v\u1ee5 lu\u1eadt s\u01b0 b\u00e0o ch\u1eefa trong v\u1ee5 \u00e1n h\u00ecnh s\u1ef1 v\u1edbi tinh th\u1ea7n tr\u00e1ch nhi\u1ec7m, t\u1eadn t\u00e2m v\u00e0 b\u1ea3o m\u1eadt th\u00f4ng tin tuy\u1ec7t \u0111\u1ed1i cho kh\u00e1ch h\u00e0ng.<\/p>\n<hr data-start=\"841\" data-end=\"844\" \/>\n<h2 data-section-id=\"1turee5\" data-start=\"846\" data-end=\"897\">Vai tr\u00f2 c\u1ee7a lu\u1eadt s\u01b0 b\u00e0o ch\u1eefa trong v\u1ee5 \u00e1n h\u00ecnh s\u1ef1<\/h2>\n<p data-start=\"899\" data-end=\"987\">Lu\u1eadt s\u01b0 b\u00e0o ch\u1eefa c\u00f3 vai tr\u00f2 \u0111\u1eb7c bi\u1ec7t quan tr\u1ecdng trong to\u00e0n b\u1ed9 qu\u00e1 tr\u00ecnh t\u1ed1 t\u1ee5ng h\u00ecnh s\u1ef1:<\/p>\n<ul data-start=\"989\" data-end=\"1350\">\n<li data-section-id=\"p5i26x\" data-start=\"989\" data-end=\"1061\">T\u01b0 v\u1ea5n quy\u1ec1n v\u00e0 ngh\u0129a v\u1ee5 c\u1ee7a ng\u01b0\u1eddi b\u1ecb bu\u1ed9c t\u1ed9i theo quy \u0111\u1ecbnh ph\u00e1p lu\u1eadt<\/li>\n<li data-section-id=\"5gbup7\" data-start=\"1062\" data-end=\"1102\">Tham gia l\u00e0m vi\u1ec7c v\u1edbi c\u01a1 quan \u0111i\u1ec1u tra<\/li>\n<li data-section-id=\"12z0ccp\" data-start=\"1103\" data-end=\"1152\">Thu th\u1eadp t\u00e0i li\u1ec7u, ch\u1ee9ng c\u1ee9 c\u00f3 l\u1ee3i cho th\u00e2n ch\u1ee7<\/li>\n<li data-section-id=\"1px1h0x\" data-start=\"1153\" data-end=\"1186\">Tham gia h\u1ecfi cung theo quy \u0111\u1ecbnh<\/li>\n<li data-section-id=\"9gkiv4\" data-start=\"1187\" data-end=\"1222\">Tham gia tranh t\u1ee5ng t\u1ea1i phi\u00ean t\u00f2a<\/li>\n<li data-section-id=\"1b8ezkt\" data-start=\"1223\" data-end=\"1286\">\u0110\u1ec1 xu\u1ea5t h\u01b0\u1edbng x\u1eed l\u00fd ph\u00f9 h\u1ee3p nh\u1eb1m gi\u1ea3m nh\u1eb9 tr\u00e1ch nhi\u1ec7m h\u00ecnh s\u1ef1<\/li>\n<li data-section-id=\"q3zqna\" data-start=\"1287\" data-end=\"1350\">B\u1ea3o v\u1ec7 quy\u1ec1n v\u00e0 l\u1ee3i \u00edch h\u1ee3p ph\u00e1p xuy\u00ean su\u1ed1t qu\u00e1 tr\u00ecnh t\u1ed1 t\u1ee5ng<\/li>\n<\/ul>\n<p data-start=\"1352\" data-end=\"1470\">Vi\u1ec7c c\u00f3 lu\u1eadt s\u01b0 tham gia s\u1edbm gi\u00fap h\u1ea1n ch\u1ebf nh\u1eefng sai s\u00f3t trong qu\u00e1 tr\u00ecnh khai b\u00e1o v\u00e0 \u0111\u1ea3m b\u1ea3o t\u00ednh kh\u00e1ch quan c\u1ee7a v\u1ee5 \u00e1n.<\/p>\n<hr data-start=\"1472\" data-end=\"1475\" \/>\n<h2 data-section-id=\"1kfl7l4\" data-start=\"1477\" data-end=\"1526\">C\u00e1c giai \u0111o\u1ea1n lu\u1eadt s\u01b0 c\u00f3 th\u1ec3 tham gia b\u00e0o ch\u1eefa<\/h2>\n<div class=\"no-scrollbar flex min-h-36 flex-nowrap gap-0.5 overflow-auto sm:gap-1 sm:overflow-hidden xl:min-h-44 mt-1 mb-5 [&amp;:not(:first-child)]:mt-4\">\n<div class=\"border-token-border-default relative w-32 shrink-0 overflow-hidden rounded-xl border-[0.5px] md:shrink max-h-64 sm:w-[calc((100%-0.5rem)\/3)] rounded-s-xl\">\n<div class=\"group\/search-image @container\/search-image relative rounded-[inherit] h-full w-full\">\n<div><img decoding=\"async\" class=\"bg-token-main-surface-tertiary m-0 h-full w-full object-cover\" src=\"https:\/\/images.openai.com\/static-rsc-4\/fhvTdPSEm413uABgscWdkM7aqrNJRJ63oKNEByLDvj1wSi1QJ3lyJI1ZqqPqav0QlmnWwZLILfmf8FTtua_QNzXMSUY3G5SIN4okE3jBDAzK4gq4VyAQaMn7qnJos-zh3hS6c_kbmloIo-9vA5ZJbziVfcL3k0gesr0-e6CNNetq05j_9mz32cr4Vf72Mi_L?purpose=inline\" alt=\"https:\/\/images.openai.com\/static-rsc-4\/iBB0Nqu4WUjY1HiSIG-oUk_LGUTrr1EteOj9X_5Sgup9gW91iLZlI0Bo9DRd9p7r2oBKxIztyvfV-7kqccYTfjnE98J6e7c-rZIl02d7qAEXdp0LXI-UFm634F2Yz66kjZZnRDSCn_BA6HQdBesz1_BRW3RRHT1wLPXPWChlHPhC04n7qhXY3h84f23Rlv2T?purpose=fullsize\" \/><\/div>\n<\/div>\n<\/div>\n<div class=\"border-token-border-default relative w-32 shrink-0 overflow-hidden rounded-xl border-[0.5px] md:shrink max-h-64 sm:w-[calc((100%-0.5rem)\/3)]\">\n<div class=\"group\/search-image @container\/search-image relative rounded-[inherit] h-full w-full\">\n<div><img decoding=\"async\" class=\"bg-token-main-surface-tertiary m-0 h-full w-full object-cover\" src=\"https:\/\/images.openai.com\/static-rsc-4\/k8sjAFCbNPUNHrVFWXM9b1O2EDJGUnGqMge1g6gCYDVGX0CG60H1H5zLHEQsJiRZtKZ1pEnEvDR2WbCCfU4nl7E6-IquMWg9KU_MG6JKc_uywGXLXgPUDYFNNIzlqlN8q4jFKHmRTePp7b1MhPwH476zbO5Tjei9ufjHBTBOJOXctldRdAaV0uxpXpYnvuAV?purpose=inline\" alt=\"https:\/\/images.openai.com\/static-rsc-4\/qskCurWNbnx_BuF6UPxwNKIESpHBWVo2rtwm72HPxwAtpNTFiWokOV6vYyxHzD6cX-1PXifemd9evXnN1AGEQn8yqpOEl1z9BJgFtyF8fIbyQnS8VJTo0zIGW1-5VPU2TaLA42ymavTfb17O5Khe3iW13_fPfIU_4jk-b-64pU2CYqLujgiCMzU1Vt_Dhotd?purpose=fullsize\" \/><\/div>\n<\/div>\n<\/div>\n<div class=\"border-token-border-default relative w-32 shrink-0 overflow-hidden rounded-xl border-[0.5px] md:shrink max-h-64 sm:w-[calc((100%-0.5rem)\/3)] rounded-e-xl\">\n<div class=\"group\/search-image @container\/search-image relative rounded-[inherit] h-full w-full\">\n<div><img decoding=\"async\" class=\"bg-token-main-surface-tertiary m-0 h-full w-full object-cover\" src=\"https:\/\/images.openai.com\/static-rsc-4\/CCGvAj_aAdjq5qctNg2QSl5s9n8FY2o4JO0SAOG_gp72dCnMWsT7DFBB9LJr5joFWIbQfloNXCtsgMwAyGPMjS-dVKdoXSWScKe-KrJP7pmx6Mu-EF58t3n3wv_822GGhDMoLGN53i-lLorqVU-nh9B0vH8zQJqcdD_zVsKldtxcMtTw2uNVwtY9Lep3UE7m?purpose=inline\" alt=\"https:\/\/images.openai.com\/static-rsc-4\/GZrlpn2sSh8srPCiHpvfph2ShNAKMkt2sN6Bl-C-0Wwg5XglI19WJ_vuaZa5HGTdpEe-C-7UshpBmx-cOPCoICyTgKYqAx78Wl7WEIloXs00ImnklSSSk6MqNSIkR7Eg98pfDAHl7rNK1dRTIrnsHz1SoTmWLOCcITqciRDhh2izP5689C38iiSuCw2i0kS5?purpose=fullsize\" \/><\/div>\n<div class=\"pointer-events-none absolute inset-x-2 bottom-2 z-0 flex max-w-[calc(100%-1rem)] flex-wrap items-end justify-end gap-1.5\">\n<div class=\"shrink-0\">\n<div class=\"flex items-center gap-1 rounded-full px-2 py-1.5 text-white backdrop-blur-md backdrop-brightness-75\">\u00a0<\/div>\n<\/div>\n<\/div>\n<\/div>\n<\/div>\n<\/div>\n<p data-start=\"1570\" data-end=\"1643\">C\u00f4ng ty Lu\u1eadt Nh\u01a1n Tr\u00e0 nh\u1eadn tham gia b\u00e0o ch\u1eefa \u1edf nhi\u1ec1u giai \u0111o\u1ea1n kh\u00e1c nhau:<\/p>\n<h3 data-section-id=\"myl0ze\" data-start=\"1645\" data-end=\"1667\">Giai \u0111o\u1ea1n \u0111i\u1ec1u tra<\/h3>\n<ul data-start=\"1669\" data-end=\"1818\">\n<li data-section-id=\"1uu63y\" data-start=\"1669\" data-end=\"1727\">Tham gia c\u00f9ng th\u00e2n ch\u1ee7 khi l\u00e0m vi\u1ec7c v\u1edbi c\u01a1 quan \u0111i\u1ec1u tra<\/li>\n<li data-section-id=\"10xv7jh\" data-start=\"1728\" data-end=\"1782\">H\u1ed7 tr\u1ee3 t\u01b0 v\u1ea5n c\u00e1ch tr\u00ecnh b\u00e0y l\u1eddi khai \u0111\u00fang ph\u00e1p lu\u1eadt<\/li>\n<li data-section-id=\"16so6pq\" data-start=\"1783\" data-end=\"1818\">Ki\u1ebfn ngh\u1ecb b\u1ed5 sung ch\u1ee9ng c\u1ee9 c\u00f3 l\u1ee3i<\/li>\n<\/ul>\n<h3 data-section-id=\"1pi95a6\" data-start=\"1820\" data-end=\"1841\">Giai \u0111o\u1ea1n truy t\u1ed1<\/h3>\n<ul data-start=\"1843\" data-end=\"1972\">\n<li data-section-id=\"8xtbda\" data-start=\"1843\" data-end=\"1867\">Nghi\u00ean c\u1ee9u h\u1ed3 s\u01a1 v\u1ee5 \u00e1n<\/li>\n<li data-section-id=\"1ohdjpr\" data-start=\"1868\" data-end=\"1907\">\u0110\u01b0a ra \u00fd ki\u1ebfn ph\u00e1p l\u00fd b\u1ea3o v\u1ec7 th\u00e2n ch\u1ee7<\/li>\n<li data-section-id=\"nxg0fc\" data-start=\"1908\" data-end=\"1972\">Ki\u1ebfn ngh\u1ecb thay \u0111\u1ed5i t\u1ed9i danh ho\u1eb7c t\u00ecnh ti\u1ebft v\u1ee5 \u00e1n n\u1ebfu c\u1ea7n thi\u1ebft<\/li>\n<\/ul>\n<h3 data-section-id=\"f14yht\" data-start=\"1974\" data-end=\"1994\">Giai \u0111o\u1ea1n x\u00e9t x\u1eed<\/h3>\n<ul data-start=\"1996\" data-end=\"2108\">\n<li data-section-id=\"9gkiv4\" data-start=\"1996\" data-end=\"2031\">Tham gia tranh t\u1ee5ng t\u1ea1i phi\u00ean t\u00f2a<\/li>\n<li data-section-id=\"hu9edj\" data-start=\"2032\" data-end=\"2060\">Tr\u00ecnh b\u00e0y lu\u1eadn c\u1ee9 b\u00e0o ch\u1eefa<\/li>\n<li data-section-id=\"60qq5x\" data-start=\"2061\" data-end=\"2108\">B\u1ea3o v\u1ec7 t\u1ed1i \u0111a quy\u1ec1n l\u1ee3i h\u1ee3p ph\u00e1p cho th\u00e2n ch\u1ee7<\/li>\n<\/ul>\n<h3 data-section-id=\"ql2sl9\" data-start=\"2110\" data-end=\"2145\">Giai \u0111o\u1ea1n kh\u00e1ng c\u00e1o \u2013 ph\u00fac th\u1ea9m<\/h3>\n<ul data-start=\"2147\" data-end=\"2239\">\n<li data-section-id=\"fp29et\" data-start=\"2147\" data-end=\"2171\">T\u01b0 v\u1ea5n quy\u1ec1n kh\u00e1ng c\u00e1o<\/li>\n<li data-section-id=\"l2930z\" data-start=\"2172\" data-end=\"2197\">So\u1ea1n th\u1ea3o \u0111\u01a1n kh\u00e1ng c\u00e1o<\/li>\n<li data-section-id=\"1xlqfen\" data-start=\"2198\" data-end=\"2239\">Tham gia b\u1ea3o v\u1ec7 t\u1ea1i phi\u00ean t\u00f2a ph\u00fac th\u1ea9m<\/li>\n<\/ul>\n<hr data-start=\"2241\" data-end=\"2244\" \/>\n<h2 data-section-id=\"b3vyfu\" data-start=\"2246\" data-end=\"2294\">C\u00e1c v\u1ee5 \u00e1n h\u00ecnh s\u1ef1 Lu\u1eadt Nh\u01a1n Tr\u00e0 nh\u1eadn b\u00e0o ch\u1eefa<\/h2>\n<p data-start=\"2296\" data-end=\"2351\">Ch\u00fang t\u00f4i tham gia b\u00e0o ch\u1eefa trong nhi\u1ec1u nh\u00f3m v\u1ee5 \u00e1n nh\u01b0:<\/p>\n<ul data-start=\"2353\" data-end=\"2548\">\n<li data-section-id=\"l3mj1p\" data-start=\"2353\" data-end=\"2378\">C\u00e1c t\u1ed9i ph\u1ea1m v\u1ec1 t\u00e0i s\u1ea3n<\/li>\n<li data-section-id=\"ai7qw1\" data-start=\"2379\" data-end=\"2404\">C\u00e1c t\u1ed9i ph\u1ea1m v\u1ec1 kinh t\u1ebf<\/li>\n<li data-section-id=\"1aya1vg\" data-start=\"2405\" data-end=\"2430\">C\u00e1c t\u1ed9i ph\u1ea1m v\u1ec1 ch\u1ee9c v\u1ee5<\/li>\n<li data-section-id=\"1rktoju\" data-start=\"2431\" data-end=\"2474\">C\u00e1c t\u1ed9i ph\u1ea1m li\u00ean quan \u0111\u1ebfn tr\u1eadt t\u1ef1 x\u00e3 h\u1ed9i<\/li>\n<li data-section-id=\"kpr4gl\" data-start=\"2475\" data-end=\"2499\">C\u00e1c t\u1ed9i ph\u1ea1m v\u1ec1 ma t\u00fay<\/li>\n<li data-section-id=\"mgzo7e\" data-start=\"2500\" data-end=\"2548\">C\u00e1c v\u1ee5 \u00e1n h\u00ecnh s\u1ef1 kh\u00e1c theo quy \u0111\u1ecbnh ph\u00e1p lu\u1eadt<\/li>\n<\/ul>\n<p data-start=\"2550\" data-end=\"2640\">Lu\u1eadt s\u01b0 s\u1ebd nghi\u00ean c\u1ee9u h\u1ed3 s\u01a1 c\u1ee5 th\u1ec3 \u0111\u1ec3 \u0111\u01b0a ra ph\u01b0\u01a1ng \u00e1n b\u1ea3o v\u1ec7 ph\u00f9 h\u1ee3p v\u1edbi t\u1eebng tr\u01b0\u1eddng h\u1ee3p.<\/p>\n<hr data-start=\"2642\" data-end=\"2645\" \/>\n<h2 data-section-id=\"12dh0v4\" data-start=\"2647\" data-end=\"2712\">V\u00ec sao n\u00ean l\u1ef1a ch\u1ecdn lu\u1eadt s\u01b0 h\u00ecnh s\u1ef1 t\u1ea1i C\u00f4ng ty Lu\u1eadt Nh\u01a1n Tr\u00e0?<\/h2>\n<p data-start=\"2714\" data-end=\"2747\">Kh\u00e1ch h\u00e0ng l\u1ef1a ch\u1ecdn ch\u00fang t\u00f4i v\u00ec:<\/p>\n<p data-start=\"2749\" data-end=\"2976\">\u2714 T\u01b0 v\u1ea5n r\u00f5 r\u00e0ng, trung th\u1ef1c, \u0111\u00fang quy \u0111\u1ecbnh ph\u00e1p lu\u1eadt<br data-start=\"2802\" data-end=\"2805\" \/>\u2714 Tham gia b\u00e0o ch\u1eefa k\u1ecbp th\u1eddi ngay t\u1eeb giai \u0111o\u1ea1n \u0111\u1ea7u<br data-start=\"2855\" data-end=\"2858\" \/>\u2714 B\u1ea3o m\u1eadt th\u00f4ng tin kh\u00e1ch h\u00e0ng<br data-start=\"2888\" data-end=\"2891\" \/>\u2714 L\u00e0m vi\u1ec7c t\u1eadn t\u00e2m, tr\u00e1ch nhi\u1ec7m<br data-start=\"2922\" data-end=\"2925\" \/>\u2714 \u0110\u1ed3ng h\u00e0nh xuy\u00ean su\u1ed1t qu\u00e1 tr\u00ecnh gi\u1ea3i quy\u1ebft v\u1ee5 \u00e1n<\/p>\n<p data-start=\"2978\" data-end=\"3138\">Ch\u00fang t\u00f4i hi\u1ec3u r\u1eb1ng m\u1ed7i v\u1ee5 \u00e1n h\u00ecnh s\u1ef1 \u0111\u1ec1u \u1ea3nh h\u01b0\u1edfng l\u1edbn \u0111\u1ebfn cu\u1ed9c s\u1ed1ng v\u00e0 t\u01b0\u01a1ng lai c\u1ee7a kh\u00e1ch h\u00e0ng, v\u00ec v\u1eady lu\u00f4n \u0111\u1eb7t l\u1ee3i \u00edch h\u1ee3p ph\u00e1p c\u1ee7a kh\u00e1ch h\u00e0ng l\u00ean h\u00e0ng \u0111\u1ea7u.<\/p>\n<hr data-start=\"3140\" data-end=\"3143\" \/>\n<h2 data-section-id=\"7yznuv\" data-start=\"3145\" data-end=\"3188\">Quy tr\u00ecnh ti\u1ebfp nh\u1eadn v\u00e0 h\u1ed7 tr\u1ee3 kh\u00e1ch h\u00e0ng<\/h2>\n<p data-start=\"3190\" data-end=\"3231\">Quy tr\u00ecnh l\u00e0m vi\u1ec7c t\u1ea1i Lu\u1eadt Nh\u01a1n Tr\u00e0 g\u1ed3m:<\/p>\n<p data-start=\"3233\" data-end=\"3423\"><strong data-start=\"3233\" data-end=\"3244\">B\u01b0\u1edbc 1:<\/strong> Ti\u1ebfp nh\u1eadn th\u00f4ng tin v\u1ee5 vi\u1ec7c<br data-start=\"3272\" data-end=\"3275\" \/><strong data-start=\"3275\" data-end=\"3286\">B\u01b0\u1edbc 2:<\/strong> T\u01b0 v\u1ea5n s\u01a1 b\u1ed9 ph\u01b0\u01a1ng \u00e1n ph\u00e1p l\u00fd<br data-start=\"3317\" data-end=\"3320\" \/><strong data-start=\"3320\" data-end=\"3331\">B\u01b0\u1edbc 3:<\/strong> K\u00fd h\u1ee3p \u0111\u1ed3ng d\u1ecbch v\u1ee5 ph\u00e1p l\u00fd<br data-start=\"3359\" data-end=\"3362\" \/><strong data-start=\"3362\" data-end=\"3373\">B\u01b0\u1edbc 4:<\/strong> Lu\u1eadt s\u01b0 tham gia b\u00e0o ch\u1eefa theo quy \u0111\u1ecbnh t\u1ed1 t\u1ee5ng<\/p>\n<hr data-start=\"3425\" data-end=\"3428\" \/>\n<h2 data-section-id=\"lk4nwc\" data-start=\"3430\" data-end=\"3471\">Li\u00ean h\u1ec7 lu\u1eadt s\u01b0 b\u00e0o ch\u1eefa v\u1ee5 \u00e1n h\u00ecnh s\u1ef1<\/h2>\n<p data-start=\"3473\" data-end=\"3662\">N\u1ebfu b\u1ea1n ho\u1eb7c ng\u01b0\u1eddi th\u00e2n \u0111ang li\u00ean quan \u0111\u1ebfn v\u1ee5 \u00e1n h\u00ecnh s\u1ef1 v\u00e0 c\u1ea7n lu\u1eadt s\u01b0 h\u1ed7 tr\u1ee3 k\u1ecbp th\u1eddi, h\u00e3y li\u00ean h\u1ec7 <strong data-start=\"3574\" data-end=\"3599\">C\u00f4ng ty Lu\u1eadt Nh\u01a1n Tr\u00e0<\/strong> \u0111\u1ec3 \u0111\u01b0\u1ee3c t\u01b0 v\u1ea5n v\u00e0 b\u1ea3o v\u1ec7 quy\u1ec1n l\u1ee3i h\u1ee3p ph\u00e1p m\u1ed9t c\u00e1ch hi\u1ec7u qu\u1ea3.<\/p>\n<p data-start=\"3664\" data-end=\"3736\" data-is-last-node=\"\" data-is-only-node=\"\">\ud83d\udcde Lu\u1eadt s\u01b0 lu\u00f4n s\u1eb5n s\u00e0ng h\u1ed7 tr\u1ee3 trong nh\u1eefng t\u00ecnh hu\u1ed1ng ph\u00e1p l\u00fd kh\u1ea9n c\u1ea5p.<\/p>","protected":false},"excerpt":{"rendered":"<p>Lu\u1eadt s\u01b0 b\u00e0o ch\u1eefa trong v\u1ee5 \u00e1n h\u00ecnh s\u1ef1 \u2013 C\u00f4ng ty Lu\u1eadt Nh\u01a1n Tr\u00e0 \u00a0 \u00a0 Khi v\u01b0\u1edbng v\u00e0o v\u1ee5 \u00e1n h\u00ecnh s\u1ef1, ng\u01b0\u1eddi b\u1ecb bu\u1ed9c t\u1ed9i v\u00e0 gia \u0111\u00ecnh th\u01b0\u1eddng r\u01a1i v\u00e0o tr\u1ea1ng th\u00e1i lo l\u1eafng, \u00e1p l\u1ef1c v\u00e0 thi\u1ebfu th\u00f4ng tin ph\u00e1p l\u00fd c\u1ea7n thi\u1ebft. Vi\u1ec7c c\u00f3 lu\u1eadt s\u01b0 b\u00e0o ch\u1eefa tham&#8230;<\/p>","protected":false},"author":2,"featured_media":0,"parent":0,"menu_order":0,"comment_status":"closed","ping_status":"closed","template":"","meta":{"footnotes":""},"class_list":["post-1220","page","type-page","status-publish","hentry"],"_links":{"self":[{"href":"https:\/\/luatnhontra.com\/en\/wp-json\/wp\/v2\/pages\/1220","targetHints":{"allow":["GET"]}}],"collection":[{"href":"https:\/\/luatnhontra.com\/en\/wp-json\/wp\/v2\/pages"}],"about":[{"href":"https:\/\/luatnhontra.com\/en\/wp-json\/wp\/v2\/types\/page"}],"author":[{"embeddable":true,"href":"https:\/\/luatnhontra.com\/en\/wp-json\/wp\/v2\/users\/2"}],"replies":[{"embeddable":true,"href":"https:\/\/luatnhontra.com\/en\/wp-json\/wp\/v2\/comments?post=1220"}],"version-history":[{"count":2,"href":"https:\/\/luatnhontra.com\/en\/wp-json\/wp\/v2\/pages\/1220\/revisions"}],"predecessor-version":[{"id":1228,"href":"https:\/\/luatnhontra.com\/en\/wp-json\/wp\/v2\/pages\/1220\/revisions\/1228"}],"wp:attachment":[{"href":"https:\/\/luatnhontra.com\/en\/wp-json\/wp\/v2\/media?parent=1220"}],"curies":[{"name":"wp","href":"https:\/\/api.w.org\/{rel}","templated":true}]}}