{"id":1037,"date":"2025-12-07T00:25:40","date_gmt":"2025-12-06T17:25:40","guid":{"rendered":"https:\/\/luatnhontra.com\/?post_type=product&#038;p=1037"},"modified":"2025-12-07T00:25:40","modified_gmt":"2025-12-06T17:25:40","slug":"linh-vuc-khac","status":"publish","type":"product","link":"https:\/\/luatnhontra.com\/cn\/product\/linh-vuc-khac\/","title":{"rendered":"L\u0129nh v\u1ef1c kh\u00e1c"},"content":{"rendered":"","protected":false},"excerpt":{"rendered":"<p>Ngo\u00e0i c\u00e1c l\u0129nh v\u1ef1c \u0111\u00e3 \u0111\u1ec1 c\u1eadp,\u00a0<b>DUNG VI\u1ec6T<\/b>\u00a0c\u00f2n cung c\u1ea5p c\u00e1c d\u1ecbch v\u1ee5 ph\u00e1p l\u00fd \u0111a d\u1ea1ng nh\u1eb1m \u0111\u00e1p \u1ee9ng nhu c\u1ea7u c\u1ee7a kh\u00e1ch h\u00e0ng trong nhi\u1ec1u l\u0129nh v\u1ef1c kh\u00e1c nhau. Ch\u00fang t\u00f4i c\u00f3 \u0111\u1ed9i ng\u0169 lu\u1eadt s\u01b0 d\u00e0y d\u1eb7n kinh nghi\u1ec7m, s\u1eb5n s\u00e0ng h\u1ed7 tr\u1ee3 trong c\u00e1c l\u0129nh v\u1ef1c ph\u00e1p l\u00fd kh\u00e1c nh\u01b0 b\u1ea3o hi\u1ec3m, logistics, ch\u1ee9ng kho\u00e1n, m\u00f4i tr\u01b0\u1eddng, v\u00e0 nhi\u1ec1u v\u1ea5n \u0111\u1ec1 ph\u00e1p l\u00fd kh\u00e1c.<\/p>\n<p>M\u1ee5c ti\u00eau c\u1ee7a ch\u00fang t\u00f4i l\u00e0 cung c\u1ea5p d\u1ecbch v\u1ee5 ph\u00e1p l\u00fd to\u00e0n di\u1ec7n, ch\u00ednh x\u00e1c v\u00e0 hi\u1ec7u qu\u1ea3, gi\u00fap kh\u00e1ch h\u00e0ng gi\u1ea3i quy\u1ebft c\u00e1c v\u1ea5n \u0111\u1ec1 ph\u00e1p l\u00fd trong c\u00e1c l\u0129nh v\u1ef1c chuy\u00ean bi\u1ec7t. Ch\u00fang t\u00f4i lu\u00f4n \u0111\u1ed3ng h\u00e0nh c\u00f9ng kh\u00e1ch h\u00e0ng \u0111\u1ec3 \u0111\u1ea1t \u0111\u01b0\u1ee3c k\u1ebft qu\u1ea3 t\u1ed1i \u01b0u v\u00e0 b\u1ea3o v\u1ec7 quy\u1ec1n l\u1ee3i c\u1ee7a b\u1ea1n trong m\u1ecdi t\u00ecnh hu\u1ed1ng.<\/p>\n<p><b>NH\u01a0N TR\u00c0<\/b>\u00a0lu\u00f4n \u0111\u1ed3ng h\u00e0nh c\u00f9ng Qu\u00fd kh\u00e1ch h\u00e0ng trong m\u1ecdi kh\u00eda c\u1ea1nh ph\u00e1p l\u00fd. H\u00e3y li\u00ean h\u1ec7 tr\u1ef1c ti\u1ebfp ho\u1eb7c g\u1eedi email cho ch\u00fang t\u00f4i ngay khi c\u1ea7n h\u1ed7 tr\u1ee3.<\/p>","protected":false},"featured_media":968,"template":"","meta":[],"product_brand":[],"product_cat":[42],"product_tag":[],"class_list":{"0":"post-1037","1":"product","2":"type-product","3":"status-publish","4":"has-post-thumbnail","6":"product_cat-phap-ly","8":"first","9":"instock","10":"shipping-taxable","11":"product-type-simple"},"_links":{"self":[{"href":"https:\/\/luatnhontra.com\/cn\/wp-json\/wp\/v2\/product\/1037","targetHints":{"allow":["GET"]}}],"collection":[{"href":"https:\/\/luatnhontra.com\/cn\/wp-json\/wp\/v2\/product"}],"about":[{"href":"https:\/\/luatnhontra.com\/cn\/wp-json\/wp\/v2\/types\/product"}],"wp:featuredmedia":[{"embeddable":true,"href":"https:\/\/luatnhontra.com\/cn\/wp-json\/wp\/v2\/media\/968"}],"wp:attachment":[{"href":"https:\/\/luatnhontra.com\/cn\/wp-json\/wp\/v2\/media?parent=1037"}],"wp:term":[{"taxonomy":"product_brand","embeddable":true,"href":"https:\/\/luatnhontra.com\/cn\/wp-json\/wp\/v2\/product_brand?post=1037"},{"taxonomy":"product_cat","embeddable":true,"href":"https:\/\/luatnhontra.com\/cn\/wp-json\/wp\/v2\/product_cat?post=1037"},{"taxonomy":"product_tag","embeddable":true,"href":"https:\/\/luatnhontra.com\/cn\/wp-json\/wp\/v2\/product_tag?post=1037"}],"curies":[{"name":"wp","href":"https:\/\/api.w.org\/{rel}","templated":true}]}}