{"id":1035,"date":"2025-12-07T00:22:35","date_gmt":"2025-12-06T17:22:35","guid":{"rendered":"https:\/\/luatnhontra.com\/?post_type=product&#038;p=1035"},"modified":"2025-12-07T00:22:35","modified_gmt":"2025-12-06T17:22:35","slug":"so-huu-tri-tue","status":"publish","type":"product","link":"https:\/\/luatnhontra.com\/cn\/product\/so-huu-tri-tue\/","title":{"rendered":"S\u1edf h\u1eefu tr\u00ed tu\u1ec7"},"content":{"rendered":"","protected":false},"excerpt":{"rendered":"<p>S\u1edf h\u1eefu tr\u00ed tu\u1ec7 (SHTT) l\u00e0 m\u1ed9t ph\u1ea7n kh\u00f4ng th\u1ec3 thi\u1ebfu trong chi\u1ebfn l\u01b0\u1ee3c kinh doanh c\u1ee7a doanh nghi\u1ec7p hi\u1ec7n \u0111\u1ea1i, \u0111\u1eb7c bi\u1ec7t khi t\u00e0i s\u1ea3n tr\u00ed tu\u1ec7 nh\u01b0 th\u01b0\u01a1ng hi\u1ec7u, s\u00e1ng ch\u1ebf, ki\u1ec3u d\u00e1ng c\u00f4ng nghi\u1ec7p v\u00e0 b\u1ea3n quy\u1ec1n ng\u00e0y c\u00e0ng tr\u1edf th\u00e0nh ngu\u1ed3n l\u1ef1c quan tr\u1ecdng \u0111\u1ec3 t\u1ea1o ra l\u1ee3i th\u1ebf c\u1ea1nh tranh. Vi\u1ec7c b\u1ea3o v\u1ec7 quy\u1ec1n s\u1edf h\u1eefu tr\u00ed tu\u1ec7 kh\u00f4ng ch\u1ec9 gi\u00fap doanh nghi\u1ec7p duy tr\u00ec v\u00e0 ph\u00e1t tri\u1ec3n t\u00e0i s\u1ea3n tr\u00ed tu\u1ec7 m\u00e0 c\u00f2n ng\u0103n ch\u1eb7n c\u00e1c h\u00e0nh vi vi ph\u1ea1m v\u00e0 b\u1ea3o v\u1ec7 uy t\u00edn c\u1ee7a doanh nghi\u1ec7p tr\u00ean th\u1ecb tr\u01b0\u1eddng. \u0110\u1ed1i v\u1edbi c\u00e1 nh\u00e2n, vi\u1ec7c b\u1ea3o v\u1ec7 t\u00e0i s\u1ea3n s\u1edf h\u1eefu tr\u00ed tu\u1ec7 c\u0169ng l\u00e0 r\u1ea5t quan tr\u1ecdng, gi\u00fap b\u1ea3o v\u1ec7 c\u00e1c s\u00e1ng t\u1ea1o c\u00e1 nh\u00e2n v\u00e0 \u0111\u1ea3m b\u1ea3o quy\u1ec1n l\u1ee3i h\u1ee3p ph\u00e1p.<\/p>\n<p><b>M\u1ee5c Ti\u00eau<\/b><\/p>\n<p>M\u1ee5c ti\u00eau c\u1ee7a vi\u1ec7c qu\u1ea3n l\u00fd v\u00e0 b\u1ea3o v\u1ec7 s\u1edf h\u1eefu tr\u00ed tu\u1ec7 l\u00e0 \u0111\u1ea3m b\u1ea3o r\u1eb1ng c\u00e1c quy\u1ec1n l\u1ee3i h\u1ee3p ph\u00e1p c\u1ee7a doanh nghi\u1ec7p v\u00e0 c\u00e1 nh\u00e2n \u0111\u1ed1i v\u1edbi c\u00e1c t\u00e0i s\u1ea3n tr\u00ed tu\u1ec7 \u0111\u01b0\u1ee3c b\u1ea3o v\u1ec7 m\u1ed9t c\u00e1ch to\u00e0n di\u1ec7n. \u0110i\u1ec1u n\u00e0y gi\u00fap duy tr\u00ec s\u1ef1 s\u00e1ng t\u1ea1o, t\u1ed1i \u01b0u h\u00f3a gi\u00e1 tr\u1ecb c\u1ee7a c\u00e1c t\u00e0i s\u1ea3n tr\u00ed tu\u1ec7, v\u00e0 ng\u0103n ch\u1eb7n c\u00e1c h\u00e0nh vi vi ph\u1ea1m t\u1eeb ph\u00eda \u0111\u1ed1i th\u1ee7 c\u1ea1nh tranh ho\u1eb7c c\u00e1c b\u00ean th\u1ee9 ba.<\/p>\n<p><b>C\u00e1c D\u1ecbch V\u1ee5 Ph\u00e1p L\u00fd<\/b><\/p>\n<p>T\u01b0 V\u1ea5n \u0110\u0103ng K\u00fd S\u1edf H\u1eefu Tr\u00ed Tu\u1ec7: H\u1ed7 tr\u1ee3 doanh nghi\u1ec7p v\u00e0 c\u00e1 nh\u00e2n trong vi\u1ec7c \u0111\u0103ng k\u00fd b\u1ea3o h\u1ed9 th\u01b0\u01a1ng hi\u1ec7u, s\u00e1ng ch\u1ebf, ki\u1ec3u d\u00e1ng c\u00f4ng nghi\u1ec7p v\u00e0 b\u1ea3n quy\u1ec1n t\u1ea1i Vi\u1ec7t Nam v\u00e0 qu\u1ed1c t\u1ebf.<br \/>\nQu\u1ea3n L\u00fd Danh M\u1ee5c S\u1edf H\u1eefu Tr\u00ed Tu\u1ec7: Gi\u00e1m s\u00e1t v\u00e0 qu\u1ea3n l\u00fd danh m\u1ee5c t\u00e0i s\u1ea3n tr\u00ed tu\u1ec7 c\u1ee7a doanh nghi\u1ec7p v\u00e0 c\u00e1 nh\u00e2n \u0111\u1ec3 \u0111\u1ea3m b\u1ea3o quy\u1ec1n l\u1ee3i h\u1ee3p ph\u00e1p \u0111\u01b0\u1ee3c b\u1ea3o v\u1ec7 v\u00e0 duy tr\u00ec.<br \/>\nSo\u1ea1n Th\u1ea3o v\u00e0 R\u00e0 So\u00e1t H\u1ee3p \u0110\u1ed3ng Li\u00ean Quan \u0110\u1ebfn SHTT: Bao g\u1ed3m h\u1ee3p \u0111\u1ed3ng chuy\u1ec3n nh\u01b0\u1ee3ng, c\u1ea5p ph\u00e9p v\u00e0 h\u1ee3p t\u00e1c li\u00ean quan \u0111\u1ebfn c\u00e1c t\u00e0i s\u1ea3n tr\u00ed tu\u1ec7.<br \/>\nT\u01b0 V\u1ea5n V\u1ec1 Ph\u00f2ng Ng\u1eeba v\u00e0 Gi\u1ea3i Quy\u1ebft Tranh Ch\u1ea5p: Cung c\u1ea5p d\u1ecbch v\u1ee5 t\u01b0 v\u1ea5n v\u00e0 \u0111\u1ea1i di\u1ec7n cho doanh nghi\u1ec7p v\u00e0 c\u00e1 nh\u00e2n trong c\u00e1c v\u1ee5 ki\u1ec7n vi ph\u1ea1m quy\u1ec1n s\u1edf h\u1eefu tr\u00ed tu\u1ec7, t\u1eeb giai \u0111o\u1ea1n kh\u1edfi ki\u1ec7n \u0111\u1ebfn gi\u1ea3i quy\u1ebft tranh ch\u1ea5p t\u1ea1i t\u00f2a \u00e1n ho\u1eb7c tr\u1ecdng t\u00e0i.<br \/>\nB\u1ea3o V\u1ec7 T\u00e0i S\u1ea3n S\u1edf H\u1eefu Tr\u00ed Tu\u1ec7: \u0110\u01b0a ra c\u00e1c bi\u1ec7n ph\u00e1p ph\u00f2ng ng\u1eeba v\u00e0 b\u1ea3o v\u1ec7 quy\u1ec1n l\u1ee3i tr\u01b0\u1edbc c\u00e1c h\u00e0nh vi x\u00e2m ph\u1ea1m, bao g\u1ed3m theo d\u00f5i c\u00e1c h\u00e0nh vi vi ph\u1ea1m v\u00e0 th\u1ef1c hi\u1ec7n c\u00e1c h\u00e0nh \u0111\u1ed9ng ph\u00e1p l\u00fd c\u1ea7n thi\u1ebft \u0111\u1ec3 b\u1ea3o v\u1ec7 t\u00e0i s\u1ea3n tr\u00ed tu\u1ec7.<\/p>\n<p><b>NH\u01a0N TR\u00c0<\/b>\u00a0lu\u00f4n \u0111\u1ed3ng h\u00e0nh c\u00f9ng Qu\u00fd kh\u00e1ch h\u00e0ng trong m\u1ecdi kh\u00eda c\u1ea1nh ph\u00e1p l\u00fd. H\u00e3y li\u00ean h\u1ec7 tr\u1ef1c ti\u1ebfp ho\u1eb7c g\u1eedi email cho ch\u00fang t\u00f4i ngay khi c\u1ea7n h\u1ed7 tr\u1ee3.<\/p>","protected":false},"featured_media":966,"template":"","meta":[],"product_brand":[],"product_cat":[42],"product_tag":[],"class_list":{"0":"post-1035","1":"product","2":"type-product","3":"status-publish","4":"has-post-thumbnail","6":"product_cat-phap-ly","8":"first","9":"instock","10":"shipping-taxable","11":"product-type-simple"},"_links":{"self":[{"href":"https:\/\/luatnhontra.com\/cn\/wp-json\/wp\/v2\/product\/1035","targetHints":{"allow":["GET"]}}],"collection":[{"href":"https:\/\/luatnhontra.com\/cn\/wp-json\/wp\/v2\/product"}],"about":[{"href":"https:\/\/luatnhontra.com\/cn\/wp-json\/wp\/v2\/types\/product"}],"wp:featuredmedia":[{"embeddable":true,"href":"https:\/\/luatnhontra.com\/cn\/wp-json\/wp\/v2\/media\/966"}],"wp:attachment":[{"href":"https:\/\/luatnhontra.com\/cn\/wp-json\/wp\/v2\/media?parent=1035"}],"wp:term":[{"taxonomy":"product_brand","embeddable":true,"href":"https:\/\/luatnhontra.com\/cn\/wp-json\/wp\/v2\/product_brand?post=1035"},{"taxonomy":"product_cat","embeddable":true,"href":"https:\/\/luatnhontra.com\/cn\/wp-json\/wp\/v2\/product_cat?post=1035"},{"taxonomy":"product_tag","embeddable":true,"href":"https:\/\/luatnhontra.com\/cn\/wp-json\/wp\/v2\/product_tag?post=1035"}],"curies":[{"name":"wp","href":"https:\/\/api.w.org\/{rel}","templated":true}]}}