{"id":1026,"date":"2025-12-07T00:03:40","date_gmt":"2025-12-06T17:03:40","guid":{"rendered":"https:\/\/luatnhontra.com\/?post_type=product&#038;p=1026"},"modified":"2025-12-07T00:10:25","modified_gmt":"2025-12-06T17:10:25","slug":"doanh-nghiep-thuong-mai","status":"publish","type":"product","link":"https:\/\/luatnhontra.com\/cn\/product\/doanh-nghiep-thuong-mai\/","title":{"rendered":"Doanh nghi\u1ec7p &#038; Th\u01b0\u01a1ng m\u1ea1i"},"content":{"rendered":"<p><img loading=\"lazy\" decoding=\"async\" class=\"alignnone size-medium wp-image-946\" src=\"https:\/\/luatnhontra.com\/wp-content\/uploads\/2025\/12\/image_a-300x200.jpg\" alt=\"\" width=\"300\" height=\"200\" srcset=\"https:\/\/luatnhontra.com\/wp-content\/uploads\/2025\/12\/image_a-300x200.jpg 300w, https:\/\/luatnhontra.com\/wp-content\/uploads\/2025\/12\/image_a-18x12.jpg 18w, https:\/\/luatnhontra.com\/wp-content\/uploads\/2025\/12\/image_a-510x339.jpg 510w, https:\/\/luatnhontra.com\/wp-content\/uploads\/2025\/12\/image_a.jpg 612w\" sizes=\"auto, (max-width: 300px) 100vw, 300px\" \/><\/p>","protected":false},"excerpt":{"rendered":"<p>Trong b\u1ed1i c\u1ea3nh th\u1ecb tr\u01b0\u1eddng to\u00e0n c\u1ea7u h\u00f3a v\u00e0 s\u1ef1 thay th\u1ebf, ph\u00e1t tri\u1ec3n kh\u00f4ng ng\u1eebng c\u1ee7a c\u00e1c quy \u0111\u1ecbnh ph\u00e1p lu\u1eadt, vi\u1ec7c doanh nghi\u1ec7p quan t\u00e2m \u0111\u1ebfn y\u1ebfu t\u1ed1 ph\u00e1p l\u00fd \u0111\u00e3 tr\u1edf th\u00e0nh m\u1ed9t y\u00eau c\u1ea7u b\u1eaft bu\u1ed9c \u0111\u1ec3 \u0111\u1ea3m b\u1ea3o s\u1ef1 t\u1ed3n t\u1ea1i v\u00e0 ph\u00e1t tri\u1ec3n b\u1ec1n v\u1eefng. \u0110\u1ea7u ti\u00ean, tu\u00e2n th\u1ee7 ph\u00e1p lu\u1eadt l\u00e0 n\u1ec1n t\u1ea3ng c\u01a1 b\u1ea3n gi\u00fap doanh nghi\u1ec7p ho\u1ea1t \u0111\u1ed9ng h\u1ee3p ph\u00e1p, tr\u00e1nh nh\u1eefng r\u1ee7i ro ph\u00e1p l\u00fd nh\u01b0 b\u1ecb ph\u1ea1t vi ph\u1ea1m, ki\u1ec7n t\u1ee5ng, ho\u1eb7c \u1ea3nh h\u01b0\u1edfng tr\u1ef1c ti\u1ebfp \u0111\u1ebfn t\u00e0i ch\u00ednh v\u00e0 danh ti\u1ebfng c\u1ee7a doanh nghi\u1ec7p.<\/p>\n<p>B\u00ean c\u1ea1nh \u0111\u00f3, y\u1ebfu t\u1ed1 ph\u00e1p l\u00fd c\u00f2n \u0111\u00f3ng vai tr\u00f2 quan tr\u1ecdng trong vi\u1ec7c qu\u1ea3n l\u00fd v\u00e0 \u0111i\u1ec1u h\u00e0nh c\u00e1c ho\u1ea1t \u0111\u1ed9ng th\u01b0\u01a1ng m\u1ea1i. Qu\u1ea3n l\u00fd h\u1ee3p \u0111\u1ed3ng hi\u1ec7u qu\u1ea3 gi\u00fap doanh nghi\u1ec7p \u0111\u1ea3m b\u1ea3o c\u00e1c quy\u1ec1n l\u1ee3i c\u1ee7a m\u00ecnh \u0111\u01b0\u1ee3c b\u1ea3o v\u1ec7 v\u00e0 th\u1ef1c thi theo \u0111\u00fang ph\u00e1p lu\u1eadt, \u0111\u1ed3ng th\u1eddi gi\u1ea3m thi\u1ec3u r\u1ee7i ro tranh ch\u1ea5p v\u1edbi \u0111\u1ed1i t\u00e1c.<\/p>\n<p>Cu\u1ed1i c\u00f9ng, gi\u1ea3i quy\u1ebft tranh ch\u1ea5p th\u01b0\u01a1ng m\u1ea1i m\u1ed9t c\u00e1ch hi\u1ec7u qu\u1ea3 kh\u00f4ng ch\u1ec9 gi\u00fap doanh nghi\u1ec7p tr\u00e1nh \u0111\u01b0\u1ee3c nh\u1eefng thi\u1ec7t h\u1ea1i t\u00e0i ch\u00ednh m\u00e0 c\u00f2n duy tr\u00ec \u0111\u01b0\u1ee3c m\u1ed1i quan h\u1ec7 kinh doanh b\u1ec1n v\u1eefng. Vi\u1ec7c x\u00e2y d\u1ef1ng chi\u1ebfn l\u01b0\u1ee3c ph\u00e1p l\u00fd h\u1ee3p l\u00fd, t\u1eeb \u0111\u00f3 qu\u1ea3n l\u00fd v\u00e0 gi\u1ea3i quy\u1ebft c\u00e1c v\u1ea5n \u0111\u1ec1 ph\u00e1p l\u00fd k\u1ecbp th\u1eddi, s\u1ebd gi\u00fap doanh nghi\u1ec7p kh\u00f4ng ch\u1ec9 v\u01b0\u1ee3t qua nh\u1eefng th\u00e1ch th\u1ee9c hi\u1ec7n t\u1ea1i m\u00e0 c\u00f2n chu\u1ea9n b\u1ecb t\u1ed1t h\u01a1n cho t\u01b0\u01a1ng lai, t\u1ea1o n\u1ec1n t\u1ea3ng v\u1eefng ch\u1eafc cho s\u1ef1 ph\u00e1t tri\u1ec3n l\u00e2u d\u00e0i.<\/p>\n<p>V\u00ec v\u1eady, <strong>NH\u01a0N TR\u00c0<\/strong> cung c\u1ea5p c\u00e1c d\u1ecbch v\u1ee5 ph\u00e1p l\u00fd to\u00e0n di\u1ec7n cho doanh nghi\u1ec7p, nh\u1eb1m \u0111\u1ea3m b\u1ea3o r\u1eb1ng m\u1ecdi ho\u1ea1t \u0111\u1ed9ng v\u00e0 giao d\u1ecbch c\u1ee7a doanh nghi\u1ec7p \u0111\u1ec1u \u0111\u01b0\u1ee3c h\u1ed7 tr\u1ee3 b\u1edfi \u0111\u1ed9i ng\u0169 lu\u1eadt s\u01b0 gi\u00e0u kinh nghi\u1ec7m, gi\u00fap nh\u1eadn di\u1ec7n v\u00e0 gi\u1ea3m thi\u1ec3u r\u1ee7i ro, \u0111\u1ed3ng th\u1eddi d\u1ef1 \u0111o\u00e1n tr\u01b0\u1edbc c\u00e1c t\u00ecnh hu\u1ed1ng b\u1ea5t l\u1ee3i c\u00f3 th\u1ec3 x\u1ea3y ra.<\/p>\n<p><strong>NH\u01a0N TR\u00c0<\/strong> lu\u00f4n \u0111\u1ed3ng h\u00e0nh c\u00f9ng Qu\u00fd kh\u00e1ch h\u00e0ng trong m\u1ecdi kh\u00eda c\u1ea1nh ph\u00e1p l\u00fd. H\u00e3y li\u00ean h\u1ec7 tr\u1ef1c ti\u1ebfp ho\u1eb7c g\u1eedi email cho ch\u00fang t\u00f4i ngay khi c\u1ea7n h\u1ed7 tr\u1ee3.<\/p>","protected":false},"featured_media":946,"template":"","meta":[],"product_brand":[],"product_cat":[42],"product_tag":[],"class_list":{"0":"post-1026","1":"product","2":"type-product","3":"status-publish","4":"has-post-thumbnail","6":"product_cat-phap-ly","8":"first","9":"instock","10":"shipping-taxable","11":"product-type-simple"},"_links":{"self":[{"href":"https:\/\/luatnhontra.com\/cn\/wp-json\/wp\/v2\/product\/1026","targetHints":{"allow":["GET"]}}],"collection":[{"href":"https:\/\/luatnhontra.com\/cn\/wp-json\/wp\/v2\/product"}],"about":[{"href":"https:\/\/luatnhontra.com\/cn\/wp-json\/wp\/v2\/types\/product"}],"wp:featuredmedia":[{"embeddable":true,"href":"https:\/\/luatnhontra.com\/cn\/wp-json\/wp\/v2\/media\/946"}],"wp:attachment":[{"href":"https:\/\/luatnhontra.com\/cn\/wp-json\/wp\/v2\/media?parent=1026"}],"wp:term":[{"taxonomy":"product_brand","embeddable":true,"href":"https:\/\/luatnhontra.com\/cn\/wp-json\/wp\/v2\/product_brand?post=1026"},{"taxonomy":"product_cat","embeddable":true,"href":"https:\/\/luatnhontra.com\/cn\/wp-json\/wp\/v2\/product_cat?post=1026"},{"taxonomy":"product_tag","embeddable":true,"href":"https:\/\/luatnhontra.com\/cn\/wp-json\/wp\/v2\/product_tag?post=1026"}],"curies":[{"name":"wp","href":"https:\/\/api.w.org\/{rel}","templated":true}]}}