{"id":28,"date":"2021-12-10T07:31:05","date_gmt":"2021-12-10T00:31:05","guid":{"rendered":"https:\/\/luatnhontra.com\/?page_id=28"},"modified":"2026-03-13T23:55:18","modified_gmt":"2026-03-13T16:55:18","slug":"gioi-thieu","status":"publish","type":"page","link":"https:\/\/luatnhontra.com\/cn\/gioi-thieu\/","title":{"rendered":"\u4ecb\u7ecd"},"content":{"rendered":"<section class=\"section dark\" id=\"section_986159200\">\n\t\t<div class=\"section-bg fill\" >\n\t\t\t<img loading=\"lazy\" decoding=\"async\" width=\"1728\" height=\"608\" src=\"https:\/\/luatnhontra.com\/wp-content\/uploads\/2026\/03\/Gemini_Generated_Image_wm4o8hwm4o8hwm4o.png\" class=\"bg attachment-original size-original\" alt=\"\" \/>\t\t\t\t\t\t<div class=\"section-bg-overlay absolute fill\"><\/div>\n\t\t\t\n\n\t\t<\/div>\n\n\t\t\n\n\t\t<div class=\"section-content relative\">\n\t\t\t\n\t<div id=\"gap-1276149723\" class=\"gap-element clearfix\" style=\"display:block; height:auto;\">\n\t\t\n<style>\n#gap-1276149723 {\n  padding-top: 30px;\n}\n<\/style>\n\t<\/div>\n\t\n<div class=\"row align-center\"  id=\"row-369755619\">\n\n\t<div id=\"col-2139414743\" class=\"col medium-7 small-12 large-5\"  >\n\t\t\t\t<div class=\"col-inner text-center\"  >\n\t\t\t\n\t\t\t\n\t<div id=\"text-3685125686\" class=\"text\">\n\t\t\n<h1>V\u1ec0 CH\u00daNG T\u00d4I<\/h1>\n\t\t\n<style>\n#text-3685125686 {\n  font-size: 1.75rem;\n}\n<\/style>\n\t<\/div>\n\t\n<p>NH\u01a0N TR\u00c0 &#8211; \u0110\u1ed2NG H\u00c0NH V\u00cc QUY\u1ec0N L\u1ee2I C\u1ee6A B\u1ea0N<\/p>\n\t\t<\/div>\n\t\t\t\t\t<\/div>\n\n\t\n<\/div>\n\t\t<\/div>\n\n\t\t\n<style>\n#section_986159200 {\n  padding-top: 30px;\n  padding-bottom: 30px;\n  min-height: 290px;\n}\n#section_986159200 .section-bg-overlay {\n  background-color: rgba(0, 0, 0, 0.39);\n}\n#section_986159200 .section-bg img {\n  object-position: 59% 4%;\n}\n@media (min-width:550px) {\n  #section_986159200 {\n    min-height: 350px;\n  }\n}\n<\/style>\n\t<\/section>\n\t\n<div class=\"row row-small align-equal\"  id=\"row-1794442470\">\n\n\t<div id=\"col-830109948\" class=\"col medium-6 small-12 large-3\"  >\n\t\t\t\t<div class=\"col-inner\"  >\n\t\t\t\n\t\t\t\n\n  <div class=\"banner has-hover\" id=\"banner-818417762\">\n          <div class=\"banner-inner fill\">\n        <div class=\"banner-bg fill\" >\n            <img loading=\"lazy\" decoding=\"async\" width=\"546\" height=\"546\" src=\"https:\/\/luatnhontra.com\/wp-content\/uploads\/2025\/12\/logo.png\" class=\"bg attachment-large size-large\" alt=\"\" \/>                                    \n                    <\/div>\n\t\t\n        <div class=\"banner-layers container\">\n            <div class=\"fill banner-link\"><\/div>            \n        <\/div>\n      <\/div>\n\n            \n<style>\n#banner-818417762 {\n  padding-top: 99.99%;\n  background-color: rgb(255, 255, 255);\n}\n@media (min-width:550px) {\n  #banner-818417762 {\n    padding-top: 400px;\n  }\n}\n@media (min-width:850px) {\n  #banner-818417762 {\n    padding-top: 99.99%;\n  }\n}\n<\/style>\n  <\/div>\n\n\n\t\t<\/div>\n\t\t\t\t\t<\/div>\n\n\t\n\n\t<div id=\"col-264132782\" class=\"col medium-6 small-12 large-3\"  >\n\t\t\t\t<div class=\"col-inner\"  >\n\t\t\t\n\t\t\t\n\n  <div class=\"banner has-hover\" id=\"banner-629701431\">\n          <div class=\"banner-inner fill\">\n        <div class=\"banner-bg fill\" >\n            <img loading=\"lazy\" decoding=\"async\" width=\"500\" height=\"500\" src=\"https:\/\/luatnhontra.com\/wp-content\/uploads\/2026\/03\/image-removebg-preview.png\" class=\"bg attachment-large size-large\" alt=\"\" \/>                                    \n                    <\/div>\n\t\t\n        <div class=\"banner-layers container\">\n            <div class=\"fill banner-link\"><\/div>            \n        <\/div>\n      <\/div>\n\n            \n<style>\n#banner-629701431 {\n  padding-top: 99.99%;\n  background-color: rgb(255, 255, 255);\n}\n@media (min-width:550px) {\n  #banner-629701431 {\n    padding-top: 400px;\n  }\n}\n@media (min-width:850px) {\n  #banner-629701431 {\n    padding-top: 99.99%;\n  }\n}\n<\/style>\n  <\/div>\n\n\n\t\t<\/div>\n\t\t\t\t\t<\/div>\n\n\t\n<\/div>\n<div class=\"row\"  id=\"row-160351303\">\n\n\t<div id=\"col-387745944\" class=\"col medium-12 small-12 large-12\"  >\n\t\t\t\t<div class=\"col-inner\"  >\n\t\t\t\n\t\t\t\n\t<div id=\"gap-826030326\" class=\"gap-element clearfix\" style=\"display:block; height:auto;\">\n\t\t\n<style>\n#gap-826030326 {\n  padding-top: 15px;\n}\n@media (min-width:850px) {\n  #gap-826030326 {\n    padding-top: 30px;\n  }\n}\n<\/style>\n\t<\/div>\n\t\n\t<div id=\"text-3201638018\" class=\"text\">\n\t\t\n<h2>V\u1ec1 Lu\u1eadt Nh\u01a1n Tr\u00e0<\/h2>\n\t\t\n<style>\n#text-3201638018 {\n  font-size: 1.5rem;\n  color: #189f3f;\n}\n#text-3201638018 > * {\n  color: #189f3f;\n}\n<\/style>\n\t<\/div>\n\t\n<p><span style=\"font-weight: 400;\"><strong>B\u1ea0N \u0110ANG G\u1eb6P V\u01af\u1edaNG M\u1eaeC V\u1ec0 PH\u00c1P L\u00dd ?<\/strong><\/span><span style=\"font-weight: 400;\"> <br \/><\/span><\/p>\n<p><span style=\"font-weight: 400;\"><strong>C\u00f4ng ty<\/strong> <strong>Lu\u1eadt Nh\u01a1n Tr\u00e0<\/strong> v\u1edbi \u0110\u1ed9i ng\u0169 Lu\u1eadt s\u01b0 t\u1eadn t\u00e2m, gi\u00e0u kinh nghi\u1ec7m th\u1ef1c t\u1ebf s\u1ebd gi\u00fap b\u1ea1n th\u00e1o g\u1ee1 kh\u00f3 kh\u0103n m\u1ed9t c\u00e1ch <strong>NHANH CH\u00d3NG<\/strong> v\u00e0 <strong>\u0110\u00daNG LU\u1eacT<\/strong> nh\u1ea5t.<\/span><\/p>\n<p><span style=\"font-weight: 400;\">L\u0129nh v\u1ef1c ho\u1ea1t \u0111\u1ed9ng l\u00e0 <strong>TH\u1ebe M\u1ea0NH<\/strong> c\u1ee7a ch\u00fang t\u00f4i:<\/span><\/p>\n<p><span style=\"font-weight: 400;\">&#8211; <strong>TH\u1eeaA K\u1ebe &amp; DI CH\u00daC<\/strong>: Gi\u00fap b\u1ea1n l\u1eadp Di ch\u00fac h\u1ee3p ph\u00e1p, khai nh\u1eadn Di s\u1ea3n th\u1eeba k\u1ebf nhanh g\u1ecdn v\u00e0 b\u1ea3o m\u1eadt tuy\u1ec7t \u0111\u1ed1i.<\/span><\/p>\n<p><span style=\"font-weight: 400;\">&#8211; <strong>\u0110\u1ea0I DI\u1ec6N GI\u1ea2I QUY\u1ebeT KI\u1ec6N T\u1ee4NG<\/strong>: \u0110\u1ea1i di\u1ec7n kh\u00e1ch h\u00e0ng l\u00e0m vi\u1ec7c v\u1edbi c\u01a1 quan \u0111i\u1ec1u tra v\u00e0 tham gia tranh t\u1ee5ng t\u1ea1i T\u00f2a \u00e1n.<br \/><\/span><\/p>\n<p><span style=\"font-weight: 400;\">D\u1ecbch v\u1ee5 chuy\u00ean nghi\u1ec7p kh\u00e1c:<\/span><\/p>\n<p><span style=\"font-weight: 400;\">&#8211; <strong>DOANH NGHI\u1ec6P<\/strong>: Th\u00e0nh l\u1eadp doanh nghi\u1ec7p, t\u01b0 v\u1ea5n c\u00e1c ho\u1ea1t \u0111\u1ed9ng kinh doanh, \u0111\u1ea7u t\u01b0, qu\u1ea3n tr\u1ecb n\u1ed9i b\u1ed9, Mua b\u00e1n v\u00e0 S\u00e1p nh\u1eadp.<\/span><\/p>\n<p><span style=\"font-weight: 400;\">&#8211; <strong>H\u00d4N NH\u00c2N &amp; GIA \u0110\u00ccNH<\/strong>: Ly h\u00f4n thu\u1eadn t\u00ecnh, \u0111\u01a1n ph\u01b0\u01a1ng, gi\u00e0nh quy\u1ec1n nu\u00f4i con, ph\u00e2n chia t\u00e0i s\u1ea3n.<\/span><\/p>\n<p><span style=\"font-weight: 400;\">&#8211; <strong>QUAN H\u1ec6 LAO \u0110\u1ed8NG<\/strong>: t\u01b0 v\u1ea5n so\u1ea1n th\u1ea3o h\u1ee3p \u0111\u1ed3ng lao \u0111\u1ed9ng, ph\u00e1p lu\u1eadt b\u1ea3o hi\u1ec3m x\u00e3 h\u1ed9i.<\/span><\/p>\n<p><span style=\"font-weight: 400;\">\u00a0V.V&#8230;<\/span><\/p>\n<p><strong>T\u1ea0I SAO B\u1ea0N N\u00caN CH\u1eccN LU\u1eacT NH\u01a0N TR\u00c0?<\/strong><\/p>\n<p><span style=\"font-weight: 400;\">&#8211; V\u1ec1 <strong>KINH NGHI\u1ec6M<\/strong>, \u0110\u1ed9i ng\u0169 Lu\u1eadt s\u01b0 c\u1ee7a ch\u00fang t\u00f4i am hi\u1ec3u s\u00e2u s\u1eafc v\u1ec1 ph\u00e1p lu\u1eadt v\u00e0 th\u1ef1c t\u1ebf t\u1ea1i Vi\u1ec7t Nam<\/span><\/p>\n<p><span style=\"font-weight: 400;\">&#8211; V\u1ec1 <strong>TR\u00c1CH NHI\u1ec6M<\/strong>, ch\u00fang t\u00f4i coi quy\u1ec1n l\u1ee3i c\u1ee7a kh\u00e1ch h\u00e0ng l\u00e0 \u01b0u ti\u00ean s\u1ed1 1, t\u1eadn t\u00e2m v\u00e0 chuy\u00ean nghi\u1ec7p khi t\u01b0 v\u1ea5n v\u00e0 h\u1ed7 tr\u1ee3 kh\u00e1ch h\u00e0ng.<\/span><\/p>\n<p><span style=\"font-weight: 400;\">&#8211; V\u1ec1 <strong>HI\u1ec6U QU\u1ea2<\/strong>, ch\u00fang t\u00f4i \u0111\u01b0a ra gi\u1ea3i ph\u00e1p th\u1ef1c t\u1ebf, kh\u00f4ng l\u00fd thuy\u1ebft su\u00f4ng, kh\u00e1ch h\u00e0ng \u0111\u01b0\u1ee3c t\u1ef1 do l\u1ef1a ch\u1ecdn ph\u01b0\u01a1ng \u00e1n gi\u1ea3i quy\u1ebft.<\/span><\/p>\n<p><span style=\"font-weight: 400;\">&#8211; V\u1ec1 <strong>CHI PH\u00cd<\/strong>, c\u00e1c d\u1ecbch v\u1ee5 ch\u00fang t\u00f4i cung c\u1ea5p c\u00f3 chi ph\u00ed r\u00f5 r\u00e0ng, kh\u00f4ng ph\u00e1t sinh c\u00e1c kho\u1ea3n v\u00f4 l\u00fd.<\/span><\/p>\n<p><strong>LU\u1eacT NH\u01a0N TR\u00c0 \u2013 \u0110I\u1ec2M T\u1ef0A PH\u00c1P L\u00dd<\/strong><\/p>\n\t\t<\/div>\n\t\t\t\t\n<style>\n#col-387745944 > .col-inner {\n  padding: 0px 0px 0px 0;\n}\n@media (min-width:850px) {\n  #col-387745944 > .col-inner {\n    padding: 0px 0px 0px 0px;\n  }\n}\n<\/style>\n\t<\/div>\n\n\t\n<\/div>\n\n\t<section class=\"section\" id=\"section_1571469693\">\n\t\t<div class=\"section-bg fill\" >\n\t\t\t\t\t\t\t\t\t\n\t\t\t\n\n\t\t<\/div>\n\n\t\t\n\n\t\t<div class=\"section-content relative\">\n\t\t\t\n\t<div id=\"gap-1016589226\" class=\"gap-element clearfix\" style=\"display:block; height:auto;\">\n\t\t\n<style>\n#gap-1016589226 {\n  padding-top: 30px;\n}\n<\/style>\n\t<\/div>\n\t\n<div class=\"row row-large\"  id=\"row-706533108\">\n\n\t<div id=\"col-1762490077\" class=\"col medium-4 small-12 large-4\"  >\n\t\t\t\t<div class=\"col-inner text-center\"  >\n\t\t\t\n\t\t\t\n\t<div class=\"img has-hover x md-x lg-x y md-y lg-y\" id=\"image_1382605715\">\n\t\t\t\t\t\t\t\t<div class=\"img-inner dark\" >\n\t\t\t<img loading=\"lazy\" decoding=\"async\" width=\"500\" height=\"500\" src=\"https:\/\/luatnhontra.com\/wp-content\/uploads\/2022\/09\/2-1.png\" class=\"attachment-original size-original\" alt=\"\" srcset=\"https:\/\/luatnhontra.com\/wp-content\/uploads\/2022\/09\/2-1.png 500w, https:\/\/luatnhontra.com\/wp-content\/uploads\/2022\/09\/2-1-100x100.png 100w, https:\/\/luatnhontra.com\/wp-content\/uploads\/2022\/09\/2-1-300x300.png 300w, https:\/\/luatnhontra.com\/wp-content\/uploads\/2022\/09\/2-1-150x150.png 150w, https:\/\/luatnhontra.com\/wp-content\/uploads\/2022\/09\/2-1-12x12.png 12w\" sizes=\"auto, (max-width: 500px) 100vw, 500px\" \/>\t\t\t\t\t\t\n\t\t\t\t\t<\/div>\n\t\t\t\t\t\t\t\t\n<style>\n#image_1382605715 {\n  width: 37%;\n}\n<\/style>\n\t<\/div>\n\t\n<h3>T\u1ea7m nh\u00ecn<\/h3>\n<p class=\"font-claude-response-body break-words whitespace-normal\">Tr\u1edf th\u00e0nh c\u00f4ng ty lu\u1eadt h\u00e0ng \u0111\u1ea7u t\u1ea1i Vi\u1ec7t Nam, \u0111\u01b0\u1ee3c kh\u00e1ch h\u00e0ng tin t\u01b0\u1edfng b\u1edfi s\u1ef1 chuy\u00ean nghi\u1ec7p, t\u1eadn t\u00e2m v\u00e0 hi\u1ec7u qu\u1ea3 trong m\u1ecdi d\u1ecbch v\u1ee5 ph\u00e1p l\u00fd.<\/p>\n\t\t<\/div>\n\t\t\t\t\t<\/div>\n\n\t\n\n\t<div id=\"col-185762267\" class=\"col medium-4 small-12 large-4\"  >\n\t\t\t\t<div class=\"col-inner text-center\"  >\n\t\t\t\n\t\t\t\n\t<div class=\"img has-hover x md-x lg-x y md-y lg-y\" id=\"image_2111563062\">\n\t\t\t\t\t\t\t\t<div class=\"img-inner dark\" >\n\t\t\t<img loading=\"lazy\" decoding=\"async\" width=\"500\" height=\"500\" src=\"https:\/\/luatnhontra.com\/wp-content\/uploads\/2022\/09\/3-1.png\" class=\"attachment-original size-original\" alt=\"\" srcset=\"https:\/\/luatnhontra.com\/wp-content\/uploads\/2022\/09\/3-1.png 500w, https:\/\/luatnhontra.com\/wp-content\/uploads\/2022\/09\/3-1-100x100.png 100w, https:\/\/luatnhontra.com\/wp-content\/uploads\/2022\/09\/3-1-300x300.png 300w, https:\/\/luatnhontra.com\/wp-content\/uploads\/2022\/09\/3-1-150x150.png 150w, https:\/\/luatnhontra.com\/wp-content\/uploads\/2022\/09\/3-1-12x12.png 12w\" sizes=\"auto, (max-width: 500px) 100vw, 500px\" \/>\t\t\t\t\t\t\n\t\t\t\t\t<\/div>\n\t\t\t\t\t\t\t\t\n<style>\n#image_2111563062 {\n  width: 37%;\n}\n<\/style>\n\t<\/div>\n\t\n<h3>S\u1ee9 m\u1ec7nh<\/h3>\n<p class=\"font-claude-response-body break-words whitespace-normal\">B\u1ea3o v\u1ec7 quy\u1ec1n l\u1ee3i h\u1ee3p ph\u00e1p c\u1ee7a kh\u00e1ch h\u00e0ng th\u00f4ng qua d\u1ecbch v\u1ee5 t\u01b0 v\u1ea5n ph\u00e1p l\u00fd ch\u1ea5t l\u01b0\u1ee3ng cao, \u0111\u1ed3ng h\u00e0nh c\u00f9ng b\u1ea1n trong m\u1ecdi t\u00ecnh hu\u1ed1ng ph\u00e1p l\u00fd.<\/p>\n\t\t<\/div>\n\t\t\t\t\t<\/div>\n\n\t\n\n\t<div id=\"col-413243627\" class=\"col medium-4 small-12 large-4\"  >\n\t\t\t\t<div class=\"col-inner text-center\"  >\n\t\t\t\n\t\t\t\n\t<div class=\"img has-hover x md-x lg-x y md-y lg-y\" id=\"image_107185586\">\n\t\t\t\t\t\t\t\t<div class=\"img-inner dark\" >\n\t\t\t<img loading=\"lazy\" decoding=\"async\" width=\"500\" height=\"500\" src=\"https:\/\/luatnhontra.com\/wp-content\/uploads\/2022\/09\/1-1.png\" class=\"attachment-original size-original\" alt=\"\" srcset=\"https:\/\/luatnhontra.com\/wp-content\/uploads\/2022\/09\/1-1.png 500w, https:\/\/luatnhontra.com\/wp-content\/uploads\/2022\/09\/1-1-100x100.png 100w, https:\/\/luatnhontra.com\/wp-content\/uploads\/2022\/09\/1-1-300x300.png 300w, https:\/\/luatnhontra.com\/wp-content\/uploads\/2022\/09\/1-1-150x150.png 150w, https:\/\/luatnhontra.com\/wp-content\/uploads\/2022\/09\/1-1-12x12.png 12w\" sizes=\"auto, (max-width: 500px) 100vw, 500px\" \/>\t\t\t\t\t\t\n\t\t\t\t\t<\/div>\n\t\t\t\t\t\t\t\t\n<style>\n#image_107185586 {\n  width: 37%;\n}\n<\/style>\n\t<\/div>\n\t\n<h3>M\u1ee5c ti\u00eau<\/h3>\n<div data-test-render-count=\"1\">\n<div>\n<div class=\"group relative pb-3\" data-is-streaming=\"false\">\n<div class=\"font-claude-response relative leading-&#091;1.65rem&#093; &#091;&amp;_pre&gt;div&#093;:bg-bg-000\/50 &#091;&amp;_pre&gt;div&#093;:border-0.5 &#091;&amp;_pre&gt;div&#093;:border-border-400 &#091;&amp;_.ignore-pre-bg&gt;div&#093;:bg-transparent &#091;&amp;_.standard-markdown_:is(p,blockquote,h1,h2,h3,h4,h5,h6)&#093;:pl-2 &#091;&amp;_.standard-markdown_:is(p,blockquote,ul,ol,h1,h2,h3,h4,h5,h6)&#093;:pr-8 &#091;&amp;_.progressive-markdown_:is(p,blockquote,h1,h2,h3,h4,h5,h6)&#093;:pl-2 &#091;&amp;_.progressive-markdown_:is(p,blockquote,ul,ol,h1,h2,h3,h4,h5,h6)&#093;:pr-8\">\n<div>\n<div class=\"standard-markdown grid-cols-1 grid gap-4 &#091;&amp;_&gt;_*&#093;:min-w-0 standard-markdown\">\n<p class=\"font-claude-response-body break-words whitespace-normal\">Cung c\u1ea5p gi\u1ea3i ph\u00e1p ph\u00e1p l\u00fd to\u00e0n di\u1ec7n, k\u1ecbp th\u1eddi v\u00e0 hi\u1ec7u qu\u1ea3, x\u00e2y d\u1ef1ng m\u1ed1i quan h\u1ec7 b\u1ec1n v\u1eefng v\u00e0 mang \u0111\u1ebfn s\u1ef1 an t\u00e2m t\u1ed1i \u0111a cho kh\u00e1ch h\u00e0ng.<\/p>\n<\/div>\n<\/div>\n<\/div>\n<div class=\"absolute bottom-0 right-2 pointer-events-none\">\n<div class=\"rounded-lg transition min-w-max pointer-events-auto translate-x-2 translate-y-full pt-2\">\n<div class=\"text-text-300 flex items-stretch justify-between\">\n<div class=\"w-fit\" data-state=\"closed\">\n<div class=\"relative\">\n<div class=\"flex items-center justify-center transition-all opacity-100 scale-100\">\u00a0<\/div>\n<div class=\"flex items-center justify-center absolute top-0 left-0 transition-all opacity-0 scale-50\">\u00a0<\/div>\n<\/div>\n<\/div>\n<div class=\"w-fit\" data-state=\"closed\">\n<div class=\"flex items-center justify-center text-text-500 group-hover\/btn:text-text-100\">\u00a0<\/div>\n<\/div>\n<div class=\"w-fit\" data-state=\"closed\">\n<div class=\"flex items-center justify-center text-text-500 group-hover\/btn:text-text-100\">\u00a0<\/div>\n<\/div>\n<div class=\"flex items-center\">\n<div class=\"w-fit\" data-state=\"closed\">\n<div class=\"flex items-center justify-center text-text-500 group-hover\/btn:text-text-100\">\u00a0<\/div>\n<\/div>\n<\/div>\n<\/div>\n<\/div>\n<\/div>\n<\/div>\n<\/div>\n<\/div>\n<div class=\"h-px w-full pointer-events-none\" aria-hidden=\"true\">\u00a0<\/div>\n\t\t<\/div>\n\t\t\t\t\t<\/div>\n\n\t\n<\/div>\n\t\t<\/div>\n\n\t\t\n<style>\n#section_1571469693 {\n  padding-top: 20px;\n  padding-bottom: 20px;\n}\n@media (min-width:550px) {\n  #section_1571469693 {\n    padding-top: 55px;\n    padding-bottom: 55px;\n  }\n}\n<\/style>\n\t<\/section>\n\t\n\n\t<section class=\"section dark\" id=\"section_63147403\">\n\t\t<div class=\"section-bg fill\" >\n\t\t\t<img loading=\"lazy\" decoding=\"async\" width=\"1902\" height=\"882\" src=\"https:\/\/luatnhontra.com\/wp-content\/uploads\/2022\/09\/slider-03-1638178852.jpg\" class=\"bg attachment-original size-original\" alt=\"\" \/>\t\t\t\t\t\t<div class=\"section-bg-overlay absolute fill\"><\/div>\n\t\t\t\n\n\t\t<\/div>\n\n\t\t\n\n\t\t<div class=\"section-content relative\">\n\t\t\t\n\n<div class=\"row\"  id=\"row-363121916\">\n\n\n\t<div id=\"col-1204949752\" class=\"col small-12 large-12\"  >\n\t\t\t\t<div class=\"col-inner\"  >\n\t\t\t\n\t\t\t\n\n<h2 style=\"text-align: center;\">TH\u00c0NH T\u1ef0U C\u1ee6A CH\u00daNG T\u00d4I<\/h2>\n<div class=\"text-center\"><div class=\"is-divider divider clearfix\" style=\"max-width:79px;background-color:rgb(255, 255, 255);\"><\/div><\/div>\n\n\n\t\t<\/div>\n\t\t\t\t\t<\/div>\n\n\t\n\n<\/div>\n<div class=\"row row-small\"  id=\"row-2052649905\">\n\n\n\t<div id=\"col-2116808376\" class=\"col medium-4 small-12 large-4\"  >\n\t\t\t\t<div class=\"col-inner\"  >\n\t\t\t\n\t\t\t\n\n<h1 style=\"text-align: center;\"><span style=\"font-size: 250%; color: #fffff;\"><strong><span class=\"count-up\">100<\/span> +<\/strong><\/span><\/h1>\n<h4 style=\"text-align: center;\">\u0110\u1ed0I T\u00c1C<\/h4>\n\n\n\t\t<\/div>\n\t\t\t\t\t<\/div>\n\n\t\n\n\t<div id=\"col-542527032\" class=\"col medium-4 small-12 large-4\"  >\n\t\t\t\t<div class=\"col-inner\"  >\n\t\t\t\n\t\t\t\n\n<h1 style=\"text-align: center;\"><span style=\"font-size: 250%; color: #fffff;\"><strong><span class=\"count-up\">12<\/span> +<\/strong><\/span><\/h1>\n<h4 style=\"text-align: center;\">T\u1ec8NH TH\u00c0NH<\/h4>\n\n\n\t\t<\/div>\n\t\t\t\t\t<\/div>\n\n\t\n\n\t<div id=\"col-1019729718\" class=\"col medium-4 small-12 large-4\"  >\n\t\t\t\t<div class=\"col-inner\"  >\n\t\t\t\n\t\t\t\n\n<h1 style=\"text-align: center;\"><span style=\"font-size: 250%; color: #fffff;\"><strong><span class=\"count-up\">2<\/span> +<\/strong><\/span><\/h1>\n<h4 style=\"text-align: center;\">N\u0102M TH\u00c0NH L\u1eacP<\/h4>\n\n\n\t\t<\/div>\n\t\t\t\t\t<\/div>\n\n\t\n\n<\/div>\n\n\t\t<\/div>\n\n\t\t\n<style>\n#section_63147403 {\n  padding-top: 30px;\n  padding-bottom: 30px;\n}\n#section_63147403 .section-bg-overlay {\n  background-color: rgba(24, 159, 63, 0.715);\n}\n#section_63147403 .section-bg img {\n  object-position: 51% 71%;\n}\n<\/style>\n\t<\/section>\n\t\n\n\t<section class=\"section\" id=\"section_88473269\">\n\t\t<div class=\"section-bg fill\" >\n\t\t\t\t\t\t\t\t\t\n\t\t\t\n\n\t\t<\/div>\n\n\t\t\n\n\t\t<div class=\"section-content relative\">\n\t\t\t\n\t<div id=\"gap-740815181\" class=\"gap-element clearfix\" style=\"display:block; height:auto;\">\n\t\t\n<style>\n#gap-740815181 {\n  padding-top: 30px;\n}\n<\/style>\n\t<\/div>\n\t\n<div class=\"row row-large\"  id=\"row-1429889327\">\n\n\t<div id=\"col-1177891140\" class=\"col medium-12 small-12 large-6\"  >\n\t\t\t\t<div class=\"col-inner\"  >\n\t\t\t\n\t\t\t\n\t<div id=\"text-1324999960\" class=\"text\">\n\t\t\n<h2>D\u1ecbch v\u1ee5 ho\u1ea1t \u0111\u1ed9ng<\/h2>\n\t\t\n<style>\n#text-1324999960 {\n  font-size: 1.25rem;\n  color: #189f3f;\n}\n#text-1324999960 > * {\n  color: #189f3f;\n}\n<\/style>\n\t<\/div>\n\t\n<p>T\u00ecm ki\u1ebfm gi\u1ea3i ph\u00e1p ph\u00e1p l\u00fd cho y\u00eau c\u1ea7u c\u1ee7a Qu\u00fd Kh\u00e1ch h\u00e0ng kh\u00f4ng nh\u1eefng \u0111\u00f2i h\u1ecfi v\u1ed1n ki\u1ebfn th\u1ee9c ph\u00e1p lu\u1eadt s\u00e2u r\u1ed9ng, kinh nghi\u1ec7m th\u1ef1c ti\u1ec5n phong ph\u00fa m\u00e0 c\u00f2n c\u1ea7n ph\u1ea3i c\u00f3 s\u1ef1 t\u1eadn t\u00e2m c\u1ee7a ng\u01b0\u1eddi Lu\u1eadt s\u01b0.<\/p>\n<a href=\"https:\/\/luatnhontra.com\/cn\/lien-he\/\" class=\"button primary\" >\n\t<i class=\"icon-phone\" aria-hidden=\"true\"><\/i>\t<span>Li\u00ean h\u1ec7 ngay<\/span>\n\t<\/a>\n\n\t\t<\/div>\n\t\t\t\t\t<\/div>\n\n\t\n\n\t<div id=\"col-883076410\" class=\"col medium-12 small-12 large-6\"  >\n\t\t\t\t<div class=\"col-inner\"  >\n\t\t\t\n\t\t\t\n\n<p><!-- ===== HERO ===== --><\/p>\n<div class=\"faqhero-v2\">\n<h2>\n      <span class=\"line1\">Nh\u1eefng c\u00e2u h\u1ecfi th\u01b0\u1eddng g\u1eb7p <\/span><br \/>\n    <\/h2>\n<\/p><\/div>\n<p>  <!-- ===== FAQ ===== --><\/p>\n<div class=\"faqblock-v2\">\n<section class=\"faq-list\" id=\"faq\">\n<article class=\"faq-item\">\n        <button class=\"faq-question\" aria-expanded=\"false\"><br \/>\n          <span class=\"faq-left\"><br \/>\n            <span class=\"faq-num\">1<\/span><br \/>\n            <span>V\u0103n ph\u00f2ng c\u00f3 cung c\u1ea5p \u0111\u1ea7y \u0111\u1ee7 d\u1ecbch v\u1ee5 ph\u00e1p l\u00fd kh\u00f4ng?<\/span><br \/>\n          <\/span><br \/>\n          <svg xmlns=\"http:\/\/www.w3.org\/2000\/svg\" fill=\"none\" viewbox=\"0 0 24 24\" stroke-width=\"2\" stroke=\"currentColor\">\n            <path stroke-linecap=\"round\" stroke-linejoin=\"round\" d=\"m6 9 6 6 6-6\"\/>\n          <\/svg><br \/>\n        <\/button><\/p>\n<div class=\"faq-answer\">\n<p>C\u00f3, H\u1ed7 tr\u1ee3 t\u01b0 v\u1ea5n, so\u1ea1n h\u1ee3p \u0111\u1ed3ng, gi\u1ea3i quy\u1ebft tranh ch\u1ea5p, \u0111\u1ea1i di\u1ec7n t\u1ed1 t\u1ee5ng.<\/p>\n<\/p><\/div>\n<\/article>\n<article class=\"faq-item\">\n        <button class=\"faq-question\" aria-expanded=\"false\"><br \/>\n          <span class=\"faq-left\"><br \/>\n            <span class=\"faq-num\">2<\/span><br \/>\n            <span>C\u00f3 t\u01b0 v\u1ea5n mi\u1ec5n ph\u00ed kh\u00f4ng?<\/span><br \/>\n          <\/span><br \/>\n          <svg xmlns=\"http:\/\/www.w3.org\/2000\/svg\" fill=\"none\" viewbox=\"0 0 24 24\" stroke-width=\"2\" stroke=\"currentColor\">\n            <path stroke-linecap=\"round\" stroke-linejoin=\"round\" d=\"m6 9 6 6 6-6\"\/>\n          <\/svg><br \/>\n        <\/button><\/p>\n<div class=\"faq-answer\">\n<p>C\u00f3. T\u01b0 v\u1ea5n s\u01a1 b\u1ed9 mi\u1ec5n ph\u00ed tr\u01b0\u1edbc khi quy\u1ebft \u0111\u1ecbnh s\u1eed d\u1ee5ng d\u1ecbch v\u1ee5.<\/p>\n<\/p><\/div>\n<\/article>\n<article class=\"faq-item\">\n        <button class=\"faq-question\" aria-expanded=\"false\"><br \/>\n          <span class=\"faq-left\"><br \/>\n            <span class=\"faq-num\">3<\/span><br \/>\n            <span>Chuy\u00ean m\u00f4n c\u1ee7a v\u0103n ph\u00f2ng l\u00e0 g\u00ec?<\/span><br \/>\n          <\/span><br \/>\n          <svg xmlns=\"http:\/\/www.w3.org\/2000\/svg\" fill=\"none\" viewbox=\"0 0 24 24\" stroke-width=\"2\" stroke=\"currentColor\">\n            <path stroke-linecap=\"round\" stroke-linejoin=\"round\" d=\"m6 9 6 6 6-6\"\/>\n          <\/svg><br \/>\n        <\/button><\/p>\n<div class=\"faq-answer\">\n<ul>\n<li>Th\u1eeba k\u1ebf &#038; Di ch\u00fac<\/li>\n<li>D\u00e2n s\u1ef1 &#038; H\u00ecnh s\u1ef1.<\/li>\n<li>\u0110\u1ea5t \u0111ai &#038; Doanh nghi\u1ec7p.<\/li>\n<li>H\u00f4n nh\u00e2n &#038; Gia \u0111\u00ecnh.<\/li>\n<\/ul><\/div>\n<\/article>\n<article class=\"faq-item\">\n        <button class=\"faq-question\" aria-expanded=\"false\"><br \/>\n          <span class=\"faq-left\"><br \/>\n            <span class=\"faq-num\">4<\/span><br \/>\n            <span>V\u0103n ph\u00f2ng c\u00f3 h\u1ed7 tr\u1ee3 doanh nghi\u1ec7p kh\u00f4ng?<\/span><br \/>\n          <\/span><br \/>\n          <svg xmlns=\"http:\/\/www.w3.org\/2000\/svg\" fill=\"none\" viewbox=\"0 0 24 24\" stroke-width=\"2\" stroke=\"currentColor\">\n            <path stroke-linecap=\"round\" stroke-linejoin=\"round\" d=\"m6 9 6 6 6-6\"\/>\n          <\/svg><br \/>\n        <\/button><\/p>\n<div class=\"faq-answer\">\n<p>C\u00f3. T\u1eeb th\u00e0nh l\u1eadp, h\u1ee3p \u0111\u1ed3ng \u0111\u1ebfn x\u1eed l\u00fd c\u00e1c tranh ch\u1ea5p kinh doanh.<\/p>\n<\/p><\/div>\n<\/article>\n<article class=\"faq-item\">\n        <button class=\"faq-question\" aria-expanded=\"false\"><br \/>\n          <span class=\"faq-left\"><br \/>\n            <span class=\"faq-num\">5<\/span><br \/>\n            <span>C\u00f3 th\u1ec3 t\u01b0 v\u1ea5n online kh\u00f4ng?<\/span><br \/>\n          <\/span><br \/>\n          <svg xmlns=\"http:\/\/www.w3.org\/2000\/svg\" fill=\"none\" viewbox=\"0 0 24 24\" stroke-width=\"2\" stroke=\"currentColor\">\n            <path stroke-linecap=\"round\" stroke-linejoin=\"round\" d=\"m6 9 6 6 6-6\"\/>\n          <\/svg><br \/>\n        <\/button><\/p>\n<div class=\"faq-answer\">\n<p>Ho\u00e0n to\u00e0n c\u00f3. G\u1ecdi\/Zalo: <a style=\"font-weight: 600; color: #189f3f\" href=\"http:\/\/zalo.me\/0783518686\">0783.518.686<\/a><\/p>\n<\/p><\/div>\n<\/article>\n<\/section><\/div>\n\n\t\t<\/div>\n\t\t\t\t\n<style>\n#col-883076410 > .col-inner {\n  padding: 0px 0px 0px 0px;\n}\n<\/style>\n\t<\/div>\n\n\t\n<\/div>\n\t\t<\/div>\n\n\t\t\n<style>\n#section_88473269 {\n  padding-top: 30px;\n  padding-bottom: 30px;\n}\n<\/style>\n\t<\/section>","protected":false},"excerpt":{"rendered":"","protected":false},"author":2,"featured_media":0,"parent":0,"menu_order":0,"comment_status":"closed","ping_status":"closed","template":"page-blank.php","meta":{"footnotes":""},"class_list":["post-28","page","type-page","status-publish","hentry"],"_links":{"self":[{"href":"https:\/\/luatnhontra.com\/cn\/wp-json\/wp\/v2\/pages\/28","targetHints":{"allow":["GET"]}}],"collection":[{"href":"https:\/\/luatnhontra.com\/cn\/wp-json\/wp\/v2\/pages"}],"about":[{"href":"https:\/\/luatnhontra.com\/cn\/wp-json\/wp\/v2\/types\/page"}],"author":[{"embeddable":true,"href":"https:\/\/luatnhontra.com\/cn\/wp-json\/wp\/v2\/users\/2"}],"replies":[{"embeddable":true,"href":"https:\/\/luatnhontra.com\/cn\/wp-json\/wp\/v2\/comments?post=28"}],"version-history":[{"count":23,"href":"https:\/\/luatnhontra.com\/cn\/wp-json\/wp\/v2\/pages\/28\/revisions"}],"predecessor-version":[{"id":1201,"href":"https:\/\/luatnhontra.com\/cn\/wp-json\/wp\/v2\/pages\/28\/revisions\/1201"}],"wp:attachment":[{"href":"https:\/\/luatnhontra.com\/cn\/wp-json\/wp\/v2\/media?parent=28"}],"curies":[{"name":"wp","href":"https:\/\/api.w.org\/{rel}","templated":true}]}}