{"id":1212,"date":"2026-04-10T23:25:00","date_gmt":"2026-04-10T16:25:00","guid":{"rendered":"https:\/\/luatnhontra.com\/?page_id=1212"},"modified":"2026-04-10T23:33:49","modified_gmt":"2026-04-10T16:33:49","slug":"dai-dien-tham-gia-to-tung-trong-linh-vuc-dan-su","status":"publish","type":"page","link":"https:\/\/luatnhontra.com\/cn\/dai-dien-tham-gia-to-tung-trong-linh-vuc-dan-su\/","title":{"rendered":"\u0110\u1ea1i di\u1ec7n tham gia t\u1ed1 t\u1ee5ng trong l\u0129nh v\u1ef1c d\u00e2n s\u1ef1"},"content":{"rendered":"<h2 data-section-id=\"1imdsk7\" data-start=\"233\" data-end=\"283\">\u0110\u1ea0I DI\u1ec6N THAM GIA T\u1ed0 T\u1ee4NG TRONG L\u0128NH V\u1ef0C D\u00c2N S\u1ef0<\/h2>\n<p><img loading=\"lazy\" decoding=\"async\" class=\"aligncenter wp-image-1226 size-full\" src=\"https:\/\/luatnhontra.com\/wp-content\/uploads\/2026\/04\/ChatGPT-Image-Apr-10-2026-11_31_35-PM.jpg\" alt=\"\" width=\"1536\" height=\"1024\" srcset=\"https:\/\/luatnhontra.com\/wp-content\/uploads\/2026\/04\/ChatGPT-Image-Apr-10-2026-11_31_35-PM.jpg 1536w, https:\/\/luatnhontra.com\/wp-content\/uploads\/2026\/04\/ChatGPT-Image-Apr-10-2026-11_31_35-PM-300x200.jpg 300w, https:\/\/luatnhontra.com\/wp-content\/uploads\/2026\/04\/ChatGPT-Image-Apr-10-2026-11_31_35-PM-1024x683.jpg 1024w, https:\/\/luatnhontra.com\/wp-content\/uploads\/2026\/04\/ChatGPT-Image-Apr-10-2026-11_31_35-PM-768x512.jpg 768w, https:\/\/luatnhontra.com\/wp-content\/uploads\/2026\/04\/ChatGPT-Image-Apr-10-2026-11_31_35-PM-18x12.jpg 18w, https:\/\/luatnhontra.com\/wp-content\/uploads\/2026\/04\/ChatGPT-Image-Apr-10-2026-11_31_35-PM-510x340.jpg 510w\" sizes=\"auto, (max-width: 1536px) 100vw, 1536px\" \/><\/p>\n<h2 data-section-id=\"1imdsk7\" data-start=\"233\" data-end=\"283\">\u00a0<\/h2>\n<p data-start=\"285\" data-end=\"497\">Trong c\u00e1c tranh ch\u1ea5p d\u00e2n s\u1ef1, vi\u1ec7c tham gia t\u1ed1 t\u1ee5ng \u0111\u00fang quy tr\u00ecnh v\u00e0 c\u00f3 s\u1ef1 h\u1ed7 tr\u1ee3 c\u1ee7a lu\u1eadt s\u01b0 gi\u00fap b\u1ea3o v\u1ec7 quy\u1ec1n v\u00e0 l\u1ee3i \u00edch h\u1ee3p ph\u00e1p m\u1ed9t c\u00e1ch hi\u1ec7u qu\u1ea3, h\u1ea1n ch\u1ebf r\u1ee7i ro ph\u00e1p l\u00fd v\u00e0 ti\u1ebft ki\u1ec7m th\u1eddi gian cho kh\u00e1ch h\u00e0ng.<\/p>\n<p data-start=\"499\" data-end=\"701\"><strong data-start=\"499\" data-end=\"524\">C\u00f4ng ty Lu\u1eadt Nh\u01a1n Tr\u00e0<\/strong> cung c\u1ea5p d\u1ecbch v\u1ee5 \u0111\u1ea1i di\u1ec7n tham gia t\u1ed1 t\u1ee5ng trong l\u0129nh v\u1ef1c d\u00e2n s\u1ef1 v\u1edbi ph\u01b0\u01a1ng \u00e1n x\u1eed l\u00fd ph\u00f9 h\u1ee3p t\u1eebng v\u1ee5 vi\u1ec7c, \u0111\u1ea3m b\u1ea3o quy\u1ec1n l\u1ee3i h\u1ee3p ph\u00e1p c\u1ee7a kh\u00e1ch h\u00e0ng theo quy \u0111\u1ecbnh ph\u00e1p lu\u1eadt. \u2696\ufe0f<\/p>\n<hr data-start=\"703\" data-end=\"706\" \/>\n<h2 data-section-id=\"p0vp6x\" data-start=\"708\" data-end=\"750\">\u0110\u1ea1i di\u1ec7n tham gia t\u1ed1 t\u1ee5ng d\u00e2n s\u1ef1 l\u00e0 g\u00ec?<\/h2>\n<p data-start=\"752\" data-end=\"866\">\u0110\u1ea1i di\u1ec7n tham gia t\u1ed1 t\u1ee5ng d\u00e2n s\u1ef1 l\u00e0 vi\u1ec7c lu\u1eadt s\u01b0 thay m\u1eb7t ho\u1eb7c c\u00f9ng kh\u00e1ch h\u00e0ng tham gia gi\u1ea3i quy\u1ebft tranh ch\u1ea5p t\u1ea1i:<\/p>\n<ul data-start=\"868\" data-end=\"941\">\n<li data-section-id=\"1qybnqa\" data-start=\"868\" data-end=\"885\">T\u00f2a \u00e1n nh\u00e2n d\u00e2n<\/li>\n<li data-section-id=\"w8bud1\" data-start=\"886\" data-end=\"907\">C\u01a1 quan thi h\u00e0nh \u00e1n<\/li>\n<li data-section-id=\"hjs8nl\" data-start=\"908\" data-end=\"941\">C\u01a1 quan c\u00f3 th\u1ea9m quy\u1ec1n li\u00ean quan<\/li>\n<\/ul>\n<p data-start=\"943\" data-end=\"1036\">Nh\u1eb1m b\u1ea3o v\u1ec7 quy\u1ec1n v\u00e0 l\u1ee3i \u00edch h\u1ee3p ph\u00e1p c\u1ee7a kh\u00e1ch h\u00e0ng trong su\u1ed1t qu\u00e1 tr\u00ecnh gi\u1ea3i quy\u1ebft v\u1ee5 vi\u1ec7c.<\/p>\n<hr data-start=\"1038\" data-end=\"1041\" \/>\n<h2 data-section-id=\"xp0ptv\" data-start=\"1043\" data-end=\"1097\">C\u00e1c l\u0129nh v\u1ef1c tranh ch\u1ea5p d\u00e2n s\u1ef1 Lu\u1eadt Nh\u01a1n Tr\u00e0 h\u1ed7 tr\u1ee3<\/h2>\n<p data-start=\"1099\" data-end=\"1158\">Ch\u00fang t\u00f4i nh\u1eadn \u0111\u1ea1i di\u1ec7n tham gia t\u1ed1 t\u1ee5ng trong c\u00e1c v\u1ee5 vi\u1ec7c:<\/p>\n<h3 data-section-id=\"qz7ad3\" data-start=\"1160\" data-end=\"1185\">Tranh ch\u1ea5p v\u1ec1 \u0111\u1ea5t \u0111ai<\/h3>\n<ul data-start=\"1187\" data-end=\"1323\">\n<li data-section-id=\"3johv7\" data-start=\"1187\" data-end=\"1217\">Tranh ch\u1ea5p quy\u1ec1n s\u1eed d\u1ee5ng \u0111\u1ea5t<\/li>\n<li data-section-id=\"16f5i66\" data-start=\"1218\" data-end=\"1244\">Tranh ch\u1ea5p ranh gi\u1edbi \u0111\u1ea5t<\/li>\n<li data-section-id=\"170cocx\" data-start=\"1245\" data-end=\"1284\">Tranh ch\u1ea5p h\u1ee3p \u0111\u1ed3ng chuy\u1ec3n nh\u01b0\u1ee3ng \u0111\u1ea5t<\/li>\n<li data-section-id=\"oqoy9d\" data-start=\"1285\" data-end=\"1323\">Tranh ch\u1ea5p th\u1eeba k\u1ebf quy\u1ec1n s\u1eed d\u1ee5ng \u0111\u1ea5t<\/li>\n<\/ul>\n<h3 data-section-id=\"14q07pf\" data-start=\"1325\" data-end=\"1355\">Tranh ch\u1ea5p h\u1ee3p \u0111\u1ed3ng d\u00e2n s\u1ef1<\/h3>\n<ul data-start=\"1357\" data-end=\"1436\">\n<li data-section-id=\"p2ygol\" data-start=\"1357\" data-end=\"1379\">H\u1ee3p \u0111\u1ed3ng vay t\u00e0i s\u1ea3n<\/li>\n<li data-section-id=\"xei4a4\" data-start=\"1380\" data-end=\"1398\">H\u1ee3p \u0111\u1ed3ng mua b\u00e1n<\/li>\n<li data-section-id=\"1c9v61z\" data-start=\"1399\" data-end=\"1417\">H\u1ee3p \u0111\u1ed3ng \u0111\u1eb7t c\u1ecdc<\/li>\n<li data-section-id=\"1ftfi27\" data-start=\"1418\" data-end=\"1436\">H\u1ee3p \u0111\u1ed3ng d\u1ecbch v\u1ee5<\/li>\n<\/ul>\n<h3 data-section-id=\"18kdfa3\" data-start=\"1438\" data-end=\"1460\">Tranh ch\u1ea5p th\u1eeba k\u1ebf<\/h3>\n<ul data-start=\"1462\" data-end=\"1546\">\n<li data-section-id=\"1mzrjc\" data-start=\"1462\" data-end=\"1482\">Tranh ch\u1ea5p di ch\u00fac<\/li>\n<li data-section-id=\"73dkdh\" data-start=\"1483\" data-end=\"1515\">Tranh ch\u1ea5p chia di s\u1ea3n th\u1eeba k\u1ebf<\/li>\n<li data-section-id=\"1iqrzm8\" data-start=\"1516\" data-end=\"1546\">X\u00e1c \u0111\u1ecbnh quy\u1ec1n h\u01b0\u1edfng th\u1eeba k\u1ebf<\/li>\n<\/ul>\n<h3 data-section-id=\"11o19gt\" data-start=\"1548\" data-end=\"1576\">Tranh ch\u1ea5p t\u00e0i s\u1ea3n chung<\/h3>\n<ul data-start=\"1578\" data-end=\"1685\">\n<li data-section-id=\"1xyi1bf\" data-start=\"1578\" data-end=\"1612\">Tranh ch\u1ea5p t\u00e0i s\u1ea3n chung c\u00e1 nh\u00e2n<\/li>\n<li data-section-id=\"1l0exae\" data-start=\"1613\" data-end=\"1651\">Tranh ch\u1ea5p t\u00e0i s\u1ea3n chung h\u1ed9 gia \u0111\u00ecnh<\/li>\n<li data-section-id=\"eidi6w\" data-start=\"1652\" data-end=\"1685\">Tranh ch\u1ea5p quy\u1ec1n s\u1edf h\u1eefu t\u00e0i s\u1ea3n<\/li>\n<\/ul>\n<hr data-start=\"1687\" data-end=\"1690\" \/>\n<h2 data-section-id=\"1b23ao2\" data-start=\"1692\" data-end=\"1736\">Ph\u1ea1m vi c\u00f4ng vi\u1ec7c Lu\u1eadt Nh\u01a1n Tr\u00e0 th\u1ef1c hi\u1ec7n<\/h2>\n<p data-start=\"1738\" data-end=\"1786\">Khi \u0111\u1ea1i di\u1ec7n tham gia t\u1ed1 t\u1ee5ng, ch\u00fang t\u00f4i h\u1ed7 tr\u1ee3:<\/p>\n<ul data-start=\"1788\" data-end=\"2089\">\n<li data-section-id=\"1bxgszt\" data-start=\"1788\" data-end=\"1838\">T\u01b0 v\u1ea5n h\u01b0\u1edbng gi\u1ea3i quy\u1ebft ph\u00f9 h\u1ee3p v\u1edbi t\u1eebng v\u1ee5 vi\u1ec7c<\/li>\n<li data-section-id=\"dy65mw\" data-start=\"1839\" data-end=\"1880\">Thu th\u1eadp v\u00e0 \u0111\u00e1nh gi\u00e1 t\u00e0i li\u1ec7u, ch\u1ee9ng c\u1ee9<\/li>\n<li data-section-id=\"1xjcb3i\" data-start=\"1881\" data-end=\"1919\">So\u1ea1n th\u1ea3o \u0111\u01a1n kh\u1edfi ki\u1ec7n, \u0111\u01a1n y\u00eau c\u1ea7u<\/li>\n<li data-section-id=\"29djj2\" data-start=\"1920\" data-end=\"1964\">So\u1ea1n th\u1ea3o v\u0103n b\u1ea3n tr\u00ecnh b\u00e0y \u00fd ki\u1ebfn ph\u00e1p l\u00fd<\/li>\n<li data-section-id=\"c07rax\" data-start=\"1965\" data-end=\"2010\">\u0110\u1ea1i di\u1ec7n l\u00e0m vi\u1ec7c v\u1edbi c\u01a1 quan c\u00f3 th\u1ea9m quy\u1ec1n<\/li>\n<li data-section-id=\"t2656\" data-start=\"2011\" data-end=\"2043\">Tham gia tranh t\u1ee5ng t\u1ea1i T\u00f2a \u00e1n<\/li>\n<li data-section-id=\"1or9jfo\" data-start=\"2044\" data-end=\"2089\">H\u1ed7 tr\u1ee3 trong giai \u0111o\u1ea1n thi h\u00e0nh \u00e1n (n\u1ebfu c\u00f3)<\/li>\n<\/ul>\n<p data-start=\"2091\" data-end=\"2183\">M\u1ee5c ti\u00eau l\u00e0 b\u1ea3o v\u1ec7 quy\u1ec1n l\u1ee3i h\u1ee3p ph\u00e1p c\u1ee7a kh\u00e1ch h\u00e0ng theo \u0111\u00fang quy \u0111\u1ecbnh ph\u00e1p lu\u1eadt hi\u1ec7n h\u00e0nh.<\/p>\n<hr data-start=\"2185\" data-end=\"2188\" \/>\n<h2 data-section-id=\"1r8bhhh\" data-start=\"2190\" data-end=\"2220\">Quy tr\u00ecnh th\u1ef1c hi\u1ec7n d\u1ecbch v\u1ee5<\/h2>\n<p data-start=\"2222\" data-end=\"2267\">Quy tr\u00ecnh l\u00e0m vi\u1ec7c t\u1ea1i <strong data-start=\"2245\" data-end=\"2262\">Lu\u1eadt Nh\u01a1n Tr\u00e0<\/strong> g\u1ed3m:<\/p>\n<p data-start=\"2269\" data-end=\"2476\">1\ufe0f\u20e3 Ti\u1ebfp nh\u1eadn th\u00f4ng tin v\u00e0 h\u1ed3 s\u01a1 v\u1ee5 vi\u1ec7c<br data-start=\"2309\" data-end=\"2312\" \/>2\ufe0f\u20e3 Ph\u00e2n t\u00edch t\u00ecnh hu\u1ed1ng ph\u00e1p l\u00fd<br data-start=\"2344\" data-end=\"2347\" \/>3\ufe0f\u20e3 \u0110\u1ec1 xu\u1ea5t ph\u01b0\u01a1ng \u00e1n x\u1eed l\u00fd ph\u00f9 h\u1ee3p<br data-start=\"2382\" data-end=\"2385\" \/>4\ufe0f\u20e3 \u0110\u1ea1i di\u1ec7n tham gia t\u1ed1 t\u1ee5ng theo \u1ee7y quy\u1ec1n<br data-start=\"2428\" data-end=\"2431\" \/>5\ufe0f\u20e3 \u0110\u1ed3ng h\u00e0nh \u0111\u1ebfn khi v\u1ee5 vi\u1ec7c \u0111\u01b0\u1ee3c gi\u1ea3i quy\u1ebft<\/p>\n<hr data-start=\"2478\" data-end=\"2481\" \/>\n<h2 data-section-id=\"9xzzr1\" data-start=\"2483\" data-end=\"2531\">L\u1ee3i \u00edch khi s\u1eed d\u1ee5ng d\u1ecbch v\u1ee5 t\u1ea1i Lu\u1eadt Nh\u01a1n Tr\u00e0<\/h2>\n<p data-start=\"2533\" data-end=\"2549\">Kh\u00e1ch h\u00e0ng \u0111\u01b0\u1ee3c:<\/p>\n<ul data-start=\"2551\" data-end=\"2753\">\n<li data-section-id=\"1jfzqa3\" data-start=\"2551\" data-end=\"2592\">T\u01b0 v\u1ea5n r\u00f5 r\u00e0ng, \u0111\u00fang quy \u0111\u1ecbnh ph\u00e1p lu\u1eadt<\/li>\n<li data-section-id=\"jl42qd\" data-start=\"2593\" data-end=\"2637\">H\u1ed7 tr\u1ee3 chu\u1ea9n b\u1ecb h\u1ed3 s\u01a1 \u0111\u1ea7y \u0111\u1ee7, \u0111\u00fang th\u1ee7 t\u1ee5c<\/li>\n<li data-section-id=\"c07rax\" data-start=\"2638\" data-end=\"2683\">\u0110\u1ea1i di\u1ec7n l\u00e0m vi\u1ec7c v\u1edbi c\u01a1 quan c\u00f3 th\u1ea9m quy\u1ec1n<\/li>\n<li data-section-id=\"1ybwj7h\" data-start=\"2684\" data-end=\"2722\">Ti\u1ebft ki\u1ec7m th\u1eddi gian tham gia t\u1ed1 t\u1ee5ng<\/li>\n<li data-section-id=\"1t0g7t3\" data-start=\"2723\" data-end=\"2753\">B\u1ea3o m\u1eadt th\u00f4ng tin v\u1ee5 vi\u1ec7c \ud83d\udd12<\/li>\n<\/ul>\n<hr data-start=\"2755\" data-end=\"2758\" \/>\n<h2 data-section-id=\"14uzd8b\" data-start=\"2760\" data-end=\"2816\">Khi n\u00e0o n\u00ean s\u1eed d\u1ee5ng d\u1ecbch v\u1ee5 lu\u1eadt s\u01b0 tham gia t\u1ed1 t\u1ee5ng?<\/h2>\n<p data-start=\"2818\" data-end=\"2846\">B\u1ea1n n\u00ean li\u00ean h\u1ec7 lu\u1eadt s\u01b0 khi:<\/p>\n<ul data-start=\"2848\" data-end=\"3019\">\n<li data-section-id=\"nfu1yk\" data-start=\"2848\" data-end=\"2877\">Ph\u00e1t sinh tranh ch\u1ea5p d\u00e2n s\u1ef1<\/li>\n<li data-section-id=\"ts0yki\" data-start=\"2878\" data-end=\"2922\">Nh\u1eadn \u0111\u01b0\u1ee3c th\u00f4ng b\u00e1o th\u1ee5 l\u00fd v\u1ee5 \u00e1n t\u1eeb T\u00f2a \u00e1n<\/li>\n<li data-section-id=\"1i4gl5w\" data-start=\"2923\" data-end=\"2958\">Chu\u1ea9n b\u1ecb kh\u1edfi ki\u1ec7n v\u1ee5 vi\u1ec7c d\u00e2n s\u1ef1<\/li>\n<li data-section-id=\"182w5rh\" data-start=\"2959\" data-end=\"3019\">C\u1ea7n b\u1ea3o v\u1ec7 quy\u1ec1n l\u1ee3i trong qu\u00e1 tr\u00ecnh gi\u1ea3i quy\u1ebft tranh ch\u1ea5p<\/li>\n<\/ul>\n<p data-start=\"3021\" data-end=\"3113\">Vi\u1ec7c c\u00f3 lu\u1eadt s\u01b0 tham gia t\u1eeb s\u1edbm gi\u00fap h\u1ea1n ch\u1ebf r\u1ee7i ro ph\u00e1p l\u00fd v\u00e0 chu\u1ea9n b\u1ecb h\u1ed3 s\u01a1 \u0111\u00fang quy \u0111\u1ecbnh.<\/p>","protected":false},"excerpt":{"rendered":"<p>\u0110\u1ea0I DI\u1ec6N THAM GIA T\u1ed0 T\u1ee4NG TRONG L\u0128NH V\u1ef0C D\u00c2N S\u1ef0 \u00a0 Trong c\u00e1c tranh ch\u1ea5p d\u00e2n s\u1ef1, vi\u1ec7c tham gia t\u1ed1 t\u1ee5ng \u0111\u00fang quy tr\u00ecnh v\u00e0 c\u00f3 s\u1ef1 h\u1ed7 tr\u1ee3 c\u1ee7a lu\u1eadt s\u01b0 gi\u00fap b\u1ea3o v\u1ec7 quy\u1ec1n v\u00e0 l\u1ee3i \u00edch h\u1ee3p ph\u00e1p m\u1ed9t c\u00e1ch hi\u1ec7u qu\u1ea3, h\u1ea1n ch\u1ebf r\u1ee7i ro ph\u00e1p l\u00fd v\u00e0 ti\u1ebft&#8230;<\/p>","protected":false},"author":2,"featured_media":0,"parent":0,"menu_order":0,"comment_status":"closed","ping_status":"closed","template":"","meta":{"footnotes":""},"class_list":["post-1212","page","type-page","status-publish","hentry"],"_links":{"self":[{"href":"https:\/\/luatnhontra.com\/cn\/wp-json\/wp\/v2\/pages\/1212","targetHints":{"allow":["GET"]}}],"collection":[{"href":"https:\/\/luatnhontra.com\/cn\/wp-json\/wp\/v2\/pages"}],"about":[{"href":"https:\/\/luatnhontra.com\/cn\/wp-json\/wp\/v2\/types\/page"}],"author":[{"embeddable":true,"href":"https:\/\/luatnhontra.com\/cn\/wp-json\/wp\/v2\/users\/2"}],"replies":[{"embeddable":true,"href":"https:\/\/luatnhontra.com\/cn\/wp-json\/wp\/v2\/comments?post=1212"}],"version-history":[{"count":2,"href":"https:\/\/luatnhontra.com\/cn\/wp-json\/wp\/v2\/pages\/1212\/revisions"}],"predecessor-version":[{"id":1227,"href":"https:\/\/luatnhontra.com\/cn\/wp-json\/wp\/v2\/pages\/1212\/revisions\/1227"}],"wp:attachment":[{"href":"https:\/\/luatnhontra.com\/cn\/wp-json\/wp\/v2\/media?parent=1212"}],"curies":[{"name":"wp","href":"https:\/\/api.w.org\/{rel}","templated":true}]}}