{"id":1210,"date":"2026-04-10T23:24:48","date_gmt":"2026-04-10T16:24:48","guid":{"rendered":"https:\/\/luatnhontra.com\/?page_id=1210"},"modified":"2026-04-10T23:29:19","modified_gmt":"2026-04-10T16:29:19","slug":"lap-di-chuc-va-phan-chia-di-san-thua-ke","status":"publish","type":"page","link":"https:\/\/luatnhontra.com\/cn\/lap-di-chuc-va-phan-chia-di-san-thua-ke\/","title":{"rendered":"L\u1eadp di ch\u00fac v\u00e0 ph\u00e2n chia di s\u1ea3n th\u1eeba k\u1ebf"},"content":{"rendered":"<h2 data-section-id=\"rczhwb\" data-start=\"290\" data-end=\"332\">L\u1eacP DI CH\u00daC V\u00c0 PH\u00c2N CHIA DI S\u1ea2N TH\u1eeaA K\u1ebe<\/h2>\n<p data-start=\"334\" data-end=\"648\"><img loading=\"lazy\" decoding=\"async\" class=\"aligncenter wp-image-1218 size-full\" src=\"https:\/\/luatnhontra.com\/wp-content\/uploads\/2026\/04\/19529a52-5250-4c66-b505-3f4a798c68e5.jpg\" alt=\"\" width=\"1536\" height=\"1024\" srcset=\"https:\/\/luatnhontra.com\/wp-content\/uploads\/2026\/04\/19529a52-5250-4c66-b505-3f4a798c68e5.jpg 1536w, https:\/\/luatnhontra.com\/wp-content\/uploads\/2026\/04\/19529a52-5250-4c66-b505-3f4a798c68e5-300x200.jpg 300w, https:\/\/luatnhontra.com\/wp-content\/uploads\/2026\/04\/19529a52-5250-4c66-b505-3f4a798c68e5-1024x683.jpg 1024w, https:\/\/luatnhontra.com\/wp-content\/uploads\/2026\/04\/19529a52-5250-4c66-b505-3f4a798c68e5-768x512.jpg 768w, https:\/\/luatnhontra.com\/wp-content\/uploads\/2026\/04\/19529a52-5250-4c66-b505-3f4a798c68e5-18x12.jpg 18w, https:\/\/luatnhontra.com\/wp-content\/uploads\/2026\/04\/19529a52-5250-4c66-b505-3f4a798c68e5-510x340.jpg 510w\" sizes=\"auto, (max-width: 1536px) 100vw, 1536px\" \/><\/p>\n<p data-start=\"334\" data-end=\"648\">Vi\u1ec7c l\u1eadp di ch\u00fac v\u00e0 ph\u00e2n chia di s\u1ea3n th\u1eeba k\u1ebf l\u00e0 b\u01b0\u1edbc quan tr\u1ecdng gi\u00fap b\u1ea3o v\u1ec7 quy\u1ec1n l\u1ee3i c\u1ee7a ng\u01b0\u1eddi th\u00e2n, h\u1ea1n ch\u1ebf tranh ch\u1ea5p v\u00e0 \u0111\u1ea3m b\u1ea3o t\u00e0i s\u1ea3n \u0111\u01b0\u1ee3c chuy\u1ec3n giao \u0111\u00fang theo \u00fd ch\u00ed c\u1ee7a ng\u01b0\u1eddi \u0111\u1ec3 l\u1ea1i di s\u1ea3n. Tuy nhi\u00ean, n\u1ebfu th\u1ef1c hi\u1ec7n kh\u00f4ng \u0111\u00fang quy \u0111\u1ecbnh ph\u00e1p lu\u1eadt, di ch\u00fac c\u00f3 th\u1ec3 b\u1ecb v\u00f4 hi\u1ec7u ho\u1eb7c ph\u00e1t sinh tranh ch\u1ea5p k\u00e9o d\u00e0i.<\/p>\n<p data-start=\"650\" data-end=\"790\"><strong data-start=\"650\" data-end=\"675\">C\u00f4ng ty Lu\u1eadt Nh\u01a1n Tr\u00e0<\/strong> cung c\u1ea5p d\u1ecbch v\u1ee5 t\u01b0 v\u1ea5n v\u00e0 h\u1ed7 tr\u1ee3 l\u1eadp di ch\u00fac, ph\u00e2n chia di s\u1ea3n th\u1eeba k\u1ebf \u0111\u00fang ph\u00e1p lu\u1eadt, nhanh ch\u00f3ng v\u00e0 b\u1ea3o m\u1eadt. \u2696\ufe0f<\/p>\n<hr data-start=\"792\" data-end=\"795\" \/>\n<h2 data-section-id=\"2v35mz\" data-start=\"797\" data-end=\"832\">V\u00ec sao c\u1ea7n l\u1eadp di ch\u00fac h\u1ee3p ph\u00e1p?<\/h2>\n<p data-start=\"834\" data-end=\"865\">L\u1eadp di ch\u00fac \u0111\u00fang quy \u0111\u1ecbnh gi\u00fap:<\/p>\n<ul data-start=\"867\" data-end=\"1176\">\n<li data-section-id=\"gdyijc\" data-start=\"867\" data-end=\"904\">X\u00e1c \u0111\u1ecbnh r\u00f5 ng\u01b0\u1eddi \u0111\u01b0\u1ee3c h\u01b0\u1edfng di s\u1ea3n<\/li>\n<li data-section-id=\"1wvais0\" data-start=\"905\" data-end=\"960\">H\u1ea1n ch\u1ebf tranh ch\u1ea5p gi\u1eefa c\u00e1c th\u00e0nh vi\u00ean trong gia \u0111\u00ecnh<\/li>\n<li data-section-id=\"bq41b3\" data-start=\"961\" data-end=\"1041\">B\u1ea3o v\u1ec7 quy\u1ec1n l\u1ee3i cho ng\u01b0\u1eddi th\u00e2n y\u1ebfu th\u1ebf (ng\u01b0\u1eddi gi\u00e0, tr\u1ebb em, ng\u01b0\u1eddi khuy\u1ebft t\u1eadt\u2026)<\/li>\n<li data-section-id=\"7ojb8m\" data-start=\"1042\" data-end=\"1099\">Tr\u00e1nh k\u00e9o d\u00e0i th\u1ee7 t\u1ee5c ph\u00e1p l\u00fd sau khi ph\u00e1t sinh th\u1eeba k\u1ebf<\/li>\n<li data-section-id=\"ag9wgo\" data-start=\"1100\" data-end=\"1176\">\u0110\u1ea3m b\u1ea3o t\u00e0i s\u1ea3n \u0111\u01b0\u1ee3c ph\u00e2n chia \u0111\u00fang theo mong mu\u1ed1n c\u1ee7a ng\u01b0\u1eddi \u0111\u1ec3 l\u1ea1i di s\u1ea3n<\/li>\n<\/ul>\n<hr data-start=\"1178\" data-end=\"1181\" \/>\n<h2 data-section-id=\"e03ovq\" data-start=\"1183\" data-end=\"1227\">D\u1ecbch v\u1ee5 l\u1eadp di ch\u00fac t\u1ea1i Lu\u1eadt Nh\u01a1n Tr\u00e0 g\u1ed3m<\/h2>\n<p data-start=\"1229\" data-end=\"1246\">Ch\u00fang t\u00f4i h\u1ed7 tr\u1ee3:<\/p>\n<h3 data-section-id=\"1kwfp24\" data-start=\"1248\" data-end=\"1282\">1. T\u01b0 v\u1ea5n l\u1eadp di ch\u00fac h\u1ee3p ph\u00e1p<\/h3>\n<ul data-start=\"1284\" data-end=\"1433\">\n<li data-section-id=\"1vs6d8\" data-start=\"1284\" data-end=\"1321\">T\u01b0 v\u1ea5n \u0111i\u1ec1u ki\u1ec7n h\u1ee3p l\u1ec7 c\u1ee7a di ch\u00fac<\/li>\n<li data-section-id=\"kvadga\" data-start=\"1322\" data-end=\"1360\">X\u00e1c \u0111\u1ecbnh t\u00e0i s\u1ea3n \u0111\u01b0\u1ee3c ph\u00e9p \u0111\u1ecbnh \u0111o\u1ea1t<\/li>\n<li data-section-id=\"tuqxho\" data-start=\"1361\" data-end=\"1396\">X\u00e1c \u0111\u1ecbnh ng\u01b0\u1eddi th\u1eeba k\u1ebf theo \u00fd ch\u00ed<\/li>\n<li data-section-id=\"1t7g5tx\" data-start=\"1397\" data-end=\"1433\">T\u01b0 v\u1ea5n quy\u1ec1n v\u00e0 ngh\u0129a v\u1ee5 li\u00ean quan<\/li>\n<\/ul>\n<h3 data-section-id=\"ld8m1y\" data-start=\"1435\" data-end=\"1459\">2. So\u1ea1n th\u1ea3o di ch\u00fac<\/h3>\n<ul data-start=\"1461\" data-end=\"1603\">\n<li data-section-id=\"nv50nz\" data-start=\"1461\" data-end=\"1478\">Di ch\u00fac c\u00e1 nh\u00e2n<\/li>\n<li data-section-id=\"1889gbo\" data-start=\"1479\" data-end=\"1503\">Di ch\u00fac chung v\u1ee3 ch\u1ed3ng<\/li>\n<li data-section-id=\"tffo7g\" data-start=\"1504\" data-end=\"1536\">Di ch\u00fac \u0111\u1ecbnh \u0111o\u1ea1t b\u1ea5t \u0111\u1ed9ng s\u1ea3n<\/li>\n<li data-section-id=\"k4f5sw\" data-start=\"1537\" data-end=\"1559\">Di ch\u00fac c\u00f3 \u0111i\u1ec1u ki\u1ec7n<\/li>\n<li data-section-id=\"5gjw5b\" data-start=\"1560\" data-end=\"1603\">Di ch\u00fac cho ng\u01b0\u1eddi th\u1eeba k\u1ebf ch\u01b0a th\u00e0nh ni\u00ean<\/li>\n<\/ul>\n<p data-start=\"1605\" data-end=\"1663\">So\u1ea1n th\u1ea3o \u0111\u1ea3m b\u1ea3o <strong data-start=\"1623\" data-end=\"1660\">\u0111\u00fang quy \u0111\u1ecbnh ph\u00e1p lu\u1eadt hi\u1ec7n h\u00e0nh<\/strong> \ud83d\udcdc<\/p>\n<h3 data-section-id=\"x08tmz\" data-start=\"1665\" data-end=\"1697\">3. H\u1ed7 tr\u1ee3 c\u00f4ng ch\u1ee9ng di ch\u00fac<\/h3>\n<ul data-start=\"1699\" data-end=\"1836\">\n<li data-section-id=\"1mpjz50\" data-start=\"1699\" data-end=\"1726\">Chu\u1ea9n b\u1ecb h\u1ed3 s\u01a1 c\u00f4ng ch\u1ee9ng<\/li>\n<li data-section-id=\"6fh1cu\" data-start=\"1727\" data-end=\"1779\">\u0110\u1ea1i di\u1ec7n l\u00e0m vi\u1ec7c v\u1edbi t\u1ed5 ch\u1ee9c c\u00f4ng ch\u1ee9ng (khi c\u1ea7n)<\/li>\n<li data-section-id=\"6u4z7i\" data-start=\"1780\" data-end=\"1836\">Ki\u1ec3m tra t\u00ednh h\u1ee3p l\u1ec7 c\u1ee7a n\u1ed9i dung tr\u01b0\u1edbc khi c\u00f4ng ch\u1ee9ng<\/li>\n<\/ul>\n<hr data-start=\"1838\" data-end=\"1841\" \/>\n<h2 data-section-id=\"1jklqus\" data-start=\"1843\" data-end=\"1878\">D\u1ecbch v\u1ee5 ph\u00e2n chia di s\u1ea3n th\u1eeba k\u1ebf<\/h2>\n<p data-start=\"1880\" data-end=\"1912\">Lu\u1eadt Nh\u01a1n Tr\u00e0 h\u1ed7 tr\u1ee3 kh\u00e1ch h\u00e0ng:<\/p>\n<h3 data-section-id=\"d600oq\" data-start=\"1914\" data-end=\"1948\">Ph\u00e2n chia th\u1eeba k\u1ebf theo di ch\u00fac<\/h3>\n<ul data-start=\"1950\" data-end=\"2049\">\n<li data-section-id=\"1afyqfl\" data-start=\"1950\" data-end=\"1977\">Ki\u1ec3m tra hi\u1ec7u l\u1ef1c di ch\u00fac<\/li>\n<li data-section-id=\"1u0nfon\" data-start=\"1978\" data-end=\"2012\">X\u00e1c \u0111\u1ecbnh ph\u1ea7n t\u00e0i s\u1ea3n t\u1eebng ng\u01b0\u1eddi<\/li>\n<li data-section-id=\"8cddzu\" data-start=\"2013\" data-end=\"2049\">Th\u1ef1c hi\u1ec7n th\u1ee7 t\u1ee5c khai nh\u1eadn di s\u1ea3n<\/li>\n<\/ul>\n<h3 data-section-id=\"nsremk\" data-start=\"2051\" data-end=\"2087\">Ph\u00e2n chia th\u1eeba k\u1ebf theo ph\u00e1p lu\u1eadt<\/h3>\n<p data-start=\"2089\" data-end=\"2101\">\u00c1p d\u1ee5ng khi:<\/p>\n<ul data-start=\"2103\" data-end=\"2183\">\n<li data-section-id=\"og1pq1\" data-start=\"2103\" data-end=\"2121\">Kh\u00f4ng c\u00f3 di ch\u00fac<\/li>\n<li data-section-id=\"7q4e55\" data-start=\"2122\" data-end=\"2144\">Di ch\u00fac kh\u00f4ng h\u1ee3p l\u1ec7<\/li>\n<li data-section-id=\"1tfcoq7\" data-start=\"2145\" data-end=\"2183\">Ng\u01b0\u1eddi th\u1eeba k\u1ebf theo di ch\u00fac kh\u00f4ng c\u00f2n<\/li>\n<\/ul>\n<p data-start=\"2185\" data-end=\"2202\">Ch\u00fang t\u00f4i h\u1ed7 tr\u1ee3:<\/p>\n<ul data-start=\"2204\" data-end=\"2292\">\n<li data-section-id=\"1fr7ist\" data-start=\"2204\" data-end=\"2227\">X\u00e1c \u0111\u1ecbnh h\u00e0ng th\u1eeba k\u1ebf<\/li>\n<li data-section-id=\"glwwub\" data-start=\"2228\" data-end=\"2258\">X\u00e1c \u0111\u1ecbnh ph\u1ea7n h\u01b0\u1edfng h\u1ee3p ph\u00e1p<\/li>\n<li data-section-id=\"wzoiss\" data-start=\"2259\" data-end=\"2292\">Chu\u1ea9n b\u1ecb h\u1ed3 s\u01a1 khai nh\u1eadn di s\u1ea3n<\/li>\n<\/ul>\n<hr data-start=\"2294\" data-end=\"2297\" \/>\n<h2 data-section-id=\"78d4b4\" data-start=\"2299\" data-end=\"2338\">H\u1ed7 tr\u1ee3 gi\u1ea3i quy\u1ebft tranh ch\u1ea5p th\u1eeba k\u1ebf<\/h2>\n<p data-start=\"2340\" data-end=\"2400\">Trong tr\u01b0\u1eddng h\u1ee3p ph\u00e1t sinh tranh ch\u1ea5p, Lu\u1eadt Nh\u01a1n Tr\u00e0 h\u1ed7 tr\u1ee3:<\/p>\n<ul data-start=\"2402\" data-end=\"2543\">\n<li data-section-id=\"1bhi3gl\" data-start=\"2402\" data-end=\"2430\">T\u01b0 v\u1ea5n h\u01b0\u1edbng x\u1eed l\u00fd ph\u00f9 h\u1ee3p<\/li>\n<li data-section-id=\"77diyp\" data-start=\"2431\" data-end=\"2467\">\u0110\u1ea1i di\u1ec7n th\u01b0\u01a1ng l\u01b0\u1ee3ng gi\u1eefa c\u00e1c b\u00ean<\/li>\n<li data-section-id=\"1xffvhc\" data-start=\"2468\" data-end=\"2504\">Chu\u1ea9n b\u1ecb h\u1ed3 s\u01a1 kh\u1edfi ki\u1ec7n (n\u1ebfu c\u1ea7n)<\/li>\n<li data-section-id=\"1kap7j9\" data-start=\"2505\" data-end=\"2543\">B\u1ea3o v\u1ec7 quy\u1ec1n l\u1ee3i h\u1ee3p ph\u00e1p t\u1ea1i T\u00f2a \u00e1n<\/li>\n<\/ul>\n<p data-start=\"2545\" data-end=\"2614\">Gi\u1ea3i ph\u00e1p \u01b0u ti\u00ean <strong data-start=\"2563\" data-end=\"2611\">nhanh \u2013 h\u1ee3p ph\u00e1p \u2013 h\u1ea1n ch\u1ebf xung \u0111\u1ed9t gia \u0111\u00ecnh<\/strong> \ud83e\udd1d<\/p>\n<hr data-start=\"2616\" data-end=\"2619\" \/>\n<h2 data-section-id=\"1chh2kd\" data-start=\"2621\" data-end=\"2660\">Quy tr\u00ecnh l\u00e0m vi\u1ec7c t\u1ea1i Lu\u1eadt Nh\u01a1n Tr\u00e0<\/h2>\n<p data-start=\"2662\" data-end=\"2840\">1\ufe0f\u20e3 Ti\u1ebfp nh\u1eadn th\u00f4ng tin kh\u00e1ch h\u00e0ng<br data-start=\"2696\" data-end=\"2699\" \/>2\ufe0f\u20e3 T\u01b0 v\u1ea5n ph\u01b0\u01a1ng \u00e1n ph\u00f9 h\u1ee3p<br data-start=\"2727\" data-end=\"2730\" \/>3\ufe0f\u20e3 So\u1ea1n th\u1ea3o h\u1ed3 s\u01a1 ph\u00e1p l\u00fd<br data-start=\"2757\" data-end=\"2760\" \/>4\ufe0f\u20e3 H\u1ed7 tr\u1ee3 c\u00f4ng ch\u1ee9ng \/ th\u1ee7 t\u1ee5c th\u1eeba k\u1ebf<br data-start=\"2799\" data-end=\"2802\" \/>5\ufe0f\u20e3 \u0110\u1ed3ng h\u00e0nh \u0111\u1ebfn khi ho\u00e0n t\u1ea5t th\u1ee7 t\u1ee5c<\/p>\n<hr data-start=\"2842\" data-end=\"2845\" \/>\n<h2 data-section-id=\"4hjvio\" data-start=\"2847\" data-end=\"2880\">V\u00ec sao n\u00ean ch\u1ecdn Lu\u1eadt Nh\u01a1n Tr\u00e0?<\/h2>\n<ul data-start=\"2882\" data-end=\"3067\">\n<li data-section-id=\"1jfzqa3\" data-start=\"2882\" data-end=\"2923\">T\u01b0 v\u1ea5n r\u00f5 r\u00e0ng, \u0111\u00fang quy \u0111\u1ecbnh ph\u00e1p lu\u1eadt<\/li>\n<li data-section-id=\"1w0hi0l\" data-start=\"2924\" data-end=\"2949\">H\u1ed3 s\u01a1 chu\u1ea9n ngay t\u1eeb \u0111\u1ea7u<\/li>\n<li data-section-id=\"33lzfs\" data-start=\"2950\" data-end=\"2980\">B\u1ea3o m\u1eadt th\u00f4ng tin kh\u00e1ch h\u00e0ng<\/li>\n<li data-section-id=\"uikqhl\" data-start=\"2981\" data-end=\"3022\">H\u1ed7 tr\u1ee3 nhanh ch\u00f3ng, ti\u1ebft ki\u1ec7m th\u1eddi gian<\/li>\n<li data-section-id=\"md8hsr\" data-start=\"3023\" data-end=\"3067\">\u0110\u1ed3ng h\u00e0nh xuy\u00ean su\u1ed1t qu\u00e1 tr\u00ecnh x\u1eed l\u00fd h\u1ed3 s\u01a1<\/li>\n<\/ul>\n<hr data-start=\"3069\" data-end=\"3072\" \/>\n<h2 data-section-id=\"d83oy\" data-start=\"3074\" data-end=\"3091\">Li\u00ean h\u1ec7 t\u01b0 v\u1ea5n<\/h2>\n<p data-start=\"3093\" data-end=\"3243\">N\u1ebfu Anh\/Ch\u1ecb c\u1ea7n <strong data-start=\"3109\" data-end=\"3163\">l\u1eadp di ch\u00fac h\u1ee3p ph\u00e1p ho\u1eb7c ph\u00e2n chia di s\u1ea3n th\u1eeba k\u1ebf<\/strong>, h\u00e3y li\u00ean h\u1ec7 <strong data-start=\"3177\" data-end=\"3202\">C\u00f4ng ty Lu\u1eadt Nh\u01a1n Tr\u00e0<\/strong> \u0111\u1ec3 \u0111\u01b0\u1ee3c h\u1ed7 tr\u1ee3 k\u1ecbp th\u1eddi v\u00e0 ch\u00ednh x\u00e1c. \ud83d\udcde<\/p>","protected":false},"excerpt":{"rendered":"<p>L\u1eacP DI CH\u00daC V\u00c0 PH\u00c2N CHIA DI S\u1ea2N TH\u1eeaA K\u1ebe Vi\u1ec7c l\u1eadp di ch\u00fac v\u00e0 ph\u00e2n chia di s\u1ea3n th\u1eeba k\u1ebf l\u00e0 b\u01b0\u1edbc quan tr\u1ecdng gi\u00fap b\u1ea3o v\u1ec7 quy\u1ec1n l\u1ee3i c\u1ee7a ng\u01b0\u1eddi th\u00e2n, h\u1ea1n ch\u1ebf tranh ch\u1ea5p v\u00e0 \u0111\u1ea3m b\u1ea3o t\u00e0i s\u1ea3n \u0111\u01b0\u1ee3c chuy\u1ec3n giao \u0111\u00fang theo \u00fd ch\u00ed c\u1ee7a ng\u01b0\u1eddi \u0111\u1ec3 l\u1ea1i di s\u1ea3n&#8230;.<\/p>","protected":false},"author":2,"featured_media":0,"parent":0,"menu_order":0,"comment_status":"closed","ping_status":"closed","template":"","meta":{"footnotes":""},"class_list":["post-1210","page","type-page","status-publish","hentry"],"_links":{"self":[{"href":"https:\/\/luatnhontra.com\/cn\/wp-json\/wp\/v2\/pages\/1210","targetHints":{"allow":["GET"]}}],"collection":[{"href":"https:\/\/luatnhontra.com\/cn\/wp-json\/wp\/v2\/pages"}],"about":[{"href":"https:\/\/luatnhontra.com\/cn\/wp-json\/wp\/v2\/types\/page"}],"author":[{"embeddable":true,"href":"https:\/\/luatnhontra.com\/cn\/wp-json\/wp\/v2\/users\/2"}],"replies":[{"embeddable":true,"href":"https:\/\/luatnhontra.com\/cn\/wp-json\/wp\/v2\/comments?post=1210"}],"version-history":[{"count":2,"href":"https:\/\/luatnhontra.com\/cn\/wp-json\/wp\/v2\/pages\/1210\/revisions"}],"predecessor-version":[{"id":1219,"href":"https:\/\/luatnhontra.com\/cn\/wp-json\/wp\/v2\/pages\/1210\/revisions\/1219"}],"wp:attachment":[{"href":"https:\/\/luatnhontra.com\/cn\/wp-json\/wp\/v2\/media?parent=1210"}],"curies":[{"name":"wp","href":"https:\/\/api.w.org\/{rel}","templated":true}]}}